{"id":6431,"date":"2022-05-06T09:39:55","date_gmt":"2022-05-06T09:39:55","guid":{"rendered":"https:\/\/institutfrancais.me\/?page_id=6431"},"modified":"2023-03-07T14:15:06","modified_gmt":"2023-03-07T13:15:06","slug":"cours-de-langue","status":"publish","type":"page","link":"https:\/\/institutfrancais.me\/fr\/casovi-jezika\/","title":{"rendered":"Cours de langue"},"content":{"rendered":"<div class=\"wp-block-cover alignfull is-light\" style=\"min-height:315px;aspect-ratio:unset;\"><span aria-hidden=\"true\" class=\"wp-block-cover__background has-background-dim-100 has-background-dim\" style=\"background-color:#ffffff\"><\/span><div class=\"wp-block-cover__inner-container is-layout-flow wp-block-cover-is-layout-flow\">\n<div class=\"wp-block-media-text alignwide is-stacked-on-mobile\"><figure class=\"wp-block-media-text__media\"><img loading=\"lazy\" decoding=\"async\" width=\"640\" height=\"360\" src=\"https:\/\/institutfrancais.me\/wp-content\/uploads\/2022\/05\/casovi-francuskog.jpg\" alt=\"casovi francuskog jezika\" class=\"wp-image-6432 size-full\" srcset=\"https:\/\/institutfrancais.me\/wp-content\/uploads\/2022\/05\/casovi-francuskog.jpg 640w, https:\/\/institutfrancais.me\/wp-content\/uploads\/2022\/05\/casovi-francuskog-300x169.jpg 300w, https:\/\/institutfrancais.me\/wp-content\/uploads\/2022\/05\/casovi-francuskog-624x351.jpg 624w\" sizes=\"auto, (max-width: 640px) 100vw, 640px\" \/><\/figure><div class=\"wp-block-media-text__content\">\n<p class=\"post-title has-medium-font-size\"><strong><a href=\"https:\/\/institutfrancais.me\/fr\/casovi-francuskog-jezika\/\" data-type=\"URL\" data-id=\"https:\/\/institutfrancais.me\/casovi-francuskog-jezika\/\" target=\"_blank\" rel=\"noreferrer noopener\">Cours de fran\u00e7ais<\/a><\/strong><\/p>\n\n\n\n<div class=\"wp-block-buttons is-content-justification-center is-layout-flex wp-container-core-buttons-is-layout-a89b3969 wp-block-buttons-is-layout-flex\"><\/div>\n<\/div><\/div>\n\n\n\n<hr class=\"wp-block-separator has-text-color has-vivid-cyan-blue-color has-css-opacity has-vivid-cyan-blue-background-color has-background is-style-default\"\/>\n\n\n\n<div style=\"height:50px\" aria-hidden=\"true\" class=\"wp-block-spacer\"><\/div>\n<\/div><\/div>\n\n\n\n<div class=\"wp-block-cover alignfull is-light\" style=\"min-height:315px;aspect-ratio:unset;\"><span aria-hidden=\"true\" class=\"wp-block-cover__background has-background-dim-100 has-background-dim\" style=\"background-color:#ffffff\"><\/span><div class=\"wp-block-cover__inner-container is-layout-flow wp-block-cover-is-layout-flow\">\n<div class=\"wp-block-media-text alignwide is-stacked-on-mobile\"><figure class=\"wp-block-media-text__media\"><img loading=\"lazy\" decoding=\"async\" width=\"640\" height=\"427\" src=\"https:\/\/institutfrancais.me\/wp-content\/uploads\/2022\/05\/francuski-za-najmladje.jpg\" alt=\"\" class=\"wp-image-6481 size-full\" srcset=\"https:\/\/institutfrancais.me\/wp-content\/uploads\/2022\/05\/francuski-za-najmladje.jpg 640w, https:\/\/institutfrancais.me\/wp-content\/uploads\/2022\/05\/francuski-za-najmladje-300x200.jpg 300w, https:\/\/institutfrancais.me\/wp-content\/uploads\/2022\/05\/francuski-za-najmladje-624x416.jpg 624w, https:\/\/institutfrancais.me\/wp-content\/uploads\/2022\/05\/francuski-za-najmladje-84x56.jpg 84w\" sizes=\"auto, (max-width: 640px) 100vw, 640px\" \/><\/figure><div class=\"wp-block-media-text__content\">\n<p class=\"has-text-align-center has-medium-font-size\"><strong><a href=\"https:\/\/institutfrancais.me\/fr\/francuski-za-najmlade\/\" data-type=\"URL\" data-id=\"https:\/\/institutfrancais.me\/francuski-za-najmlade\/\" target=\"_blank\" rel=\"noreferrer noopener\">Fran\u00e7ais pour les plus petits<\/a><\/strong><\/p>\n\n\n\n<div class=\"wp-block-buttons is-content-justification-center is-layout-flex wp-container-core-buttons-is-layout-a89b3969 wp-block-buttons-is-layout-flex\"><\/div>\n<\/div><\/div>\n\n\n\n<hr class=\"wp-block-separator has-text-color has-vivid-cyan-blue-color has-css-opacity has-vivid-cyan-blue-background-color has-background is-style-default\"\/>\n\n\n\n<div style=\"height:50px\" aria-hidden=\"true\" class=\"wp-block-spacer\"><\/div>\n<\/div><\/div>\n\n\n\n<div class=\"wp-block-cover alignfull is-light\" style=\"min-height:315px;aspect-ratio:unset;\"><span aria-hidden=\"true\" class=\"wp-block-cover__background has-background-dim-100 has-background-dim\" style=\"background-color:#ffffff\"><\/span><div class=\"wp-block-cover__inner-container is-layout-flow wp-block-cover-is-layout-flow\">\n<div class=\"wp-block-media-text alignwide is-stacked-on-mobile\"><figure class=\"wp-block-media-text__media\"><img loading=\"lazy\" decoding=\"async\" width=\"640\" height=\"427\" src=\"https:\/\/institutfrancais.me\/wp-content\/uploads\/2022\/05\/francuski-za-mladje-osnovce.jpg\" alt=\"\" class=\"wp-image-6494 size-full\" srcset=\"https:\/\/institutfrancais.me\/wp-content\/uploads\/2022\/05\/francuski-za-mladje-osnovce.jpg 640w, https:\/\/institutfrancais.me\/wp-content\/uploads\/2022\/05\/francuski-za-mladje-osnovce-300x200.jpg 300w, https:\/\/institutfrancais.me\/wp-content\/uploads\/2022\/05\/francuski-za-mladje-osnovce-624x416.jpg 624w, https:\/\/institutfrancais.me\/wp-content\/uploads\/2022\/05\/francuski-za-mladje-osnovce-84x56.jpg 84w\" sizes=\"auto, (max-width: 640px) 100vw, 640px\" \/><\/figure><div class=\"wp-block-media-text__content\">\n<p class=\"has-text-align-center has-medium-font-size\"><strong><a href=\"https:\/\/institutfrancais.me\/fr\/francuski-za-mlade-osnovce-7-10-godina\/\" data-type=\"URL\" data-id=\"https:\/\/institutfrancais.me\/francuski-za-mlade-osnovce-7-10-godina\/\" target=\"_blank\" rel=\"noreferrer noopener\">Fran\u00e7ais pour les enfants<\/a><\/strong><\/p>\n\n\n\n<div class=\"wp-block-buttons is-content-justification-center is-layout-flex wp-container-core-buttons-is-layout-a89b3969 wp-block-buttons-is-layout-flex\"><\/div>\n<\/div><\/div>\n\n\n\n<hr class=\"wp-block-separator has-text-color has-vivid-cyan-blue-color has-css-opacity has-vivid-cyan-blue-background-color has-background is-style-default\"\/>\n\n\n\n<div style=\"height:50px\" aria-hidden=\"true\" class=\"wp-block-spacer\"><\/div>\n<\/div><\/div>\n\n\n\n<div class=\"wp-block-cover alignfull is-light\" style=\"min-height:315px;aspect-ratio:unset;\"><span aria-hidden=\"true\" class=\"wp-block-cover__background has-background-dim-100 has-background-dim\" style=\"background-color:#ffffff\"><\/span><div class=\"wp-block-cover__inner-container is-layout-flow wp-block-cover-is-layout-flow\">\n<div class=\"wp-block-media-text alignwide is-stacked-on-mobile\"><figure class=\"wp-block-media-text__media\"><img loading=\"lazy\" decoding=\"async\" width=\"640\" height=\"426\" src=\"https:\/\/institutfrancais.me\/wp-content\/uploads\/2022\/05\/francuski-za-starije-osnovcee.jpg\" alt=\"\" class=\"wp-image-6505 size-full\" srcset=\"https:\/\/institutfrancais.me\/wp-content\/uploads\/2022\/05\/francuski-za-starije-osnovcee.jpg 640w, https:\/\/institutfrancais.me\/wp-content\/uploads\/2022\/05\/francuski-za-starije-osnovcee-300x200.jpg 300w, https:\/\/institutfrancais.me\/wp-content\/uploads\/2022\/05\/francuski-za-starije-osnovcee-624x415.jpg 624w, https:\/\/institutfrancais.me\/wp-content\/uploads\/2022\/05\/francuski-za-starije-osnovcee-84x56.jpg 84w\" sizes=\"auto, (max-width: 640px) 100vw, 640px\" \/><\/figure><div class=\"wp-block-media-text__content\">\n<p class=\"has-text-align-center has-medium-font-size\"><strong><a href=\"https:\/\/institutfrancais.me\/fr\/francuski-za-starije-osnovce\/\" data-type=\"URL\" data-id=\"https:\/\/institutfrancais.me\/francuski-za-starije-osnovce\/\" target=\"_blank\" rel=\"noreferrer noopener\">Fran\u00e7ais pour les coll\u00e9giens<\/a><\/strong><\/p>\n\n\n\n<div class=\"wp-block-buttons is-content-justification-center is-layout-flex wp-container-core-buttons-is-layout-a89b3969 wp-block-buttons-is-layout-flex\"><\/div>\n<\/div><\/div>\n\n\n\n<hr class=\"wp-block-separator has-text-color has-vivid-cyan-blue-color has-css-opacity has-vivid-cyan-blue-background-color has-background is-style-default\"\/>\n\n\n\n<div style=\"height:50px\" aria-hidden=\"true\" class=\"wp-block-spacer\"><\/div>\n<\/div><\/div>\n\n\n\n<div class=\"wp-block-cover alignfull is-light\" style=\"min-height:315px;aspect-ratio:unset;\"><span aria-hidden=\"true\" class=\"wp-block-cover__background has-background-dim-100 has-background-dim\" style=\"background-color:#ffffff\"><\/span><div class=\"wp-block-cover__inner-container is-layout-flow wp-block-cover-is-layout-flow\">\n<div class=\"wp-block-media-text alignwide is-stacked-on-mobile\"><figure class=\"wp-block-media-text__media\"><img loading=\"lazy\" decoding=\"async\" width=\"640\" height=\"427\" src=\"https:\/\/institutfrancais.me\/wp-content\/uploads\/2022\/05\/francuski-za-starije.jpg\" alt=\"francuski za mlade i odrasle\" class=\"wp-image-6501 size-full\" srcset=\"https:\/\/institutfrancais.me\/wp-content\/uploads\/2022\/05\/francuski-za-starije.jpg 640w, https:\/\/institutfrancais.me\/wp-content\/uploads\/2022\/05\/francuski-za-starije-300x200.jpg 300w, https:\/\/institutfrancais.me\/wp-content\/uploads\/2022\/05\/francuski-za-starije-624x416.jpg 624w, https:\/\/institutfrancais.me\/wp-content\/uploads\/2022\/05\/francuski-za-starije-84x56.jpg 84w\" sizes=\"auto, (max-width: 640px) 100vw, 640px\" \/><\/figure><div class=\"wp-block-media-text__content\">\n<p class=\"has-text-align-center has-medium-font-size\"><strong><a href=\"https:\/\/institutfrancais.me\/fr\/francuski-za-mlade-i-odrasle\/\" data-type=\"URL\" data-id=\"https:\/\/institutfrancais.me\/francuski-za-mlade-i-odrasle\/\" target=\"_blank\" rel=\"noreferrer noopener\">Fran\u00e7ais pour les jeunes et adultes<\/a><\/strong><\/p>\n\n\n\n<div class=\"wp-block-buttons is-content-justification-center is-layout-flex wp-container-core-buttons-is-layout-a89b3969 wp-block-buttons-is-layout-flex\"><\/div>\n<\/div><\/div>\n\n\n\n<hr class=\"wp-block-separator has-text-color has-vivid-cyan-blue-color has-css-opacity has-vivid-cyan-blue-background-color has-background is-style-default\"\/>\n\n\n\n<div style=\"height:50px\" aria-hidden=\"true\" class=\"wp-block-spacer\"><\/div>\n<\/div><\/div>\n\n\n\n<div class=\"wp-block-cover alignfull is-light\" style=\"min-height:315px;aspect-ratio:unset;\"><span aria-hidden=\"true\" class=\"wp-block-cover__background has-background-dim-100 has-background-dim\" style=\"background-color:#ffffff\"><\/span><div class=\"wp-block-cover__inner-container is-layout-flow wp-block-cover-is-layout-flow\">\n<div class=\"wp-block-media-text alignwide is-stacked-on-mobile\"><figure class=\"wp-block-media-text__media\"><img loading=\"lazy\" decoding=\"async\" width=\"640\" height=\"427\" src=\"https:\/\/institutfrancais.me\/wp-content\/uploads\/2022\/05\/casovi-crnogorskog-za-strance.jpg\" alt=\"\" class=\"wp-image-6502 size-full\" srcset=\"https:\/\/institutfrancais.me\/wp-content\/uploads\/2022\/05\/casovi-crnogorskog-za-strance.jpg 640w, https:\/\/institutfrancais.me\/wp-content\/uploads\/2022\/05\/casovi-crnogorskog-za-strance-300x200.jpg 300w, https:\/\/institutfrancais.me\/wp-content\/uploads\/2022\/05\/casovi-crnogorskog-za-strance-624x416.jpg 624w, https:\/\/institutfrancais.me\/wp-content\/uploads\/2022\/05\/casovi-crnogorskog-za-strance-84x56.jpg 84w\" sizes=\"auto, (max-width: 640px) 100vw, 640px\" \/><\/figure><div class=\"wp-block-media-text__content\">\n<p class=\"has-text-align-center has-medium-font-size\"><strong><a href=\"https:\/\/institutfrancais.me\/fr\/casovi-crnogorskog-za-strance\/\" data-type=\"URL\" data-id=\"https:\/\/institutfrancais.me\/casovi-crnogorskog-za-strance\/\" target=\"_blank\" rel=\"noreferrer noopener\">Cours de mont\u00e9n\u00e9grin pour les \u00e9trangers<\/a><\/strong><\/p>\n<\/div><\/div>\n\n\n\n<hr class=\"wp-block-separator has-text-color has-vivid-cyan-blue-color has-css-opacity has-vivid-cyan-blue-background-color has-background is-style-default\"\/>\n\n\n\n<div style=\"height:50px\" aria-hidden=\"true\" class=\"wp-block-spacer\"><\/div>\n<\/div><\/div>\n\n\n\n<div class=\"wp-block-cover alignfull is-light\" style=\"min-height:315px;aspect-ratio:unset;\"><span aria-hidden=\"true\" class=\"wp-block-cover__background has-background-dim-100 has-background-dim\" style=\"background-color:#ffffff\"><\/span><div class=\"wp-block-cover__inner-container is-layout-flow wp-block-cover-is-layout-flow\">\n<div class=\"wp-block-media-text alignwide is-stacked-on-mobile\"><figure class=\"wp-block-media-text__media\"><img loading=\"lazy\" decoding=\"async\" width=\"640\" height=\"427\" src=\"https:\/\/institutfrancais.me\/wp-content\/uploads\/2022\/05\/francuski-za-starije-osnovce.jpg\" alt=\"francuski za starije osnovce\" class=\"wp-image-6497 size-full\" srcset=\"https:\/\/institutfrancais.me\/wp-content\/uploads\/2022\/05\/francuski-za-starije-osnovce.jpg 640w, https:\/\/institutfrancais.me\/wp-content\/uploads\/2022\/05\/francuski-za-starije-osnovce-300x200.jpg 300w, https:\/\/institutfrancais.me\/wp-content\/uploads\/2022\/05\/francuski-za-starije-osnovce-624x416.jpg 624w, https:\/\/institutfrancais.me\/wp-content\/uploads\/2022\/05\/francuski-za-starije-osnovce-84x56.jpg 84w\" sizes=\"auto, (max-width: 640px) 100vw, 640px\" \/><\/figure><div class=\"wp-block-media-text__content\">\n<p class=\"has-text-align-center has-medium-font-size\"><strong><a href=\"https:\/\/institutfrancais.me\/fr\/individualni-casovi\/\" data-type=\"URL\" data-id=\"https:\/\/institutfrancais.me\/individualni-casovi\/\" target=\"_blank\" rel=\"noreferrer noopener\">Cours individuels<\/a><\/strong><\/p>\n\n\n\n<div class=\"wp-block-buttons is-content-justification-center is-layout-flex wp-container-core-buttons-is-layout-a89b3969 wp-block-buttons-is-layout-flex\"><\/div>\n<\/div><\/div>\n\n\n\n<hr class=\"wp-block-separator has-text-color has-vivid-cyan-blue-color has-css-opacity has-vivid-cyan-blue-background-color has-background is-style-default\"\/>\n\n\n\n<div style=\"height:50px\" aria-hidden=\"true\" class=\"wp-block-spacer\"><\/div>\n<\/div><\/div>","protected":false},"excerpt":{"rendered":"","protected":false},"author":1,"featured_media":0,"parent":0,"menu_order":0,"comment_status":"closed","ping_status":"closed","template":"","meta":{"footnotes":""},"class_list":["post-6431","page","type-page","status-publish","hentry"],"_links":{"self":[{"href":"https:\/\/institutfrancais.me\/fr\/wp-json\/wp\/v2\/pages\/6431","targetHints":{"allow":["GET"]}}],"collection":[{"href":"https:\/\/institutfrancais.me\/fr\/wp-json\/wp\/v2\/pages"}],"about":[{"href":"https:\/\/institutfrancais.me\/fr\/wp-json\/wp\/v2\/types\/page"}],"author":[{"embeddable":true,"href":"https:\/\/institutfrancais.me\/fr\/wp-json\/wp\/v2\/users\/1"}],"replies":[{"embeddable":true,"href":"https:\/\/institutfrancais.me\/fr\/wp-json\/wp\/v2\/comments?post=6431"}],"version-history":[{"count":63,"href":"https:\/\/institutfrancais.me\/fr\/wp-json\/wp\/v2\/pages\/6431\/revisions"}],"predecessor-version":[{"id":7313,"href":"https:\/\/institutfrancais.me\/fr\/wp-json\/wp\/v2\/pages\/6431\/revisions\/7313"}],"wp:attachment":[{"href":"https:\/\/institutfrancais.me\/fr\/wp-json\/wp\/v2\/media?parent=6431"}],"curies":[{"name":"wp","href":"https:\/\/api.w.org\/{rel}","templated":true}]}}