{"id":6264,"date":"2022-05-04T21:10:38","date_gmt":"2022-05-04T19:10:38","guid":{"rendered":"https:\/\/institutfrancais.me\/?page_id=6264"},"modified":"2026-01-21T16:12:06","modified_gmt":"2026-01-21T15:12:06","slug":"casovi-francuskog-jezika","status":"publish","type":"page","link":"https:\/\/institutfrancais.me\/fr\/casovi-francuskog-jezika-crna-gora\/","title":{"rendered":"Cours de fran\u00e7ais"},"content":{"rendered":"<p><\/p>\n\n\n\n<figure class=\"wp-block-image size-full\"><img loading=\"lazy\" decoding=\"async\" width=\"640\" height=\"360\" src=\"https:\/\/institutfrancais.me\/wp-content\/uploads\/2022\/05\/casovi-francuskog.jpg\" alt=\"casovi francuskog jezika\" class=\"wp-image-6432\" srcset=\"https:\/\/institutfrancais.me\/wp-content\/uploads\/2022\/05\/casovi-francuskog.jpg 640w, https:\/\/institutfrancais.me\/wp-content\/uploads\/2022\/05\/casovi-francuskog-300x169.jpg 300w, https:\/\/institutfrancais.me\/wp-content\/uploads\/2022\/05\/casovi-francuskog-624x351.jpg 624w\" sizes=\"auto, (max-width: 640px) 100vw, 640px\" \/><\/figure>\n\n\n\n<p class=\"has-vivid-cyan-blue-color has-text-color\"><strong>Cours de fran\u00e7ais<\/strong><\/p>\n\n\n\n<p>L'Institut fran\u00e7ais du Mont\u00e9n\u00e9gro organise des cours de fran\u00e7ais \u00e0 usage g\u00e9n\u00e9ral ou professionnel pour enfants, adolescents et adultes. Les m\u00e9thodes utilis\u00e9es sont modernes et vous offrent un niveau d'enseignement de qualit\u00e9. Les cours sont conformes au Cadre Europ\u00e9en Commun de R\u00e9f\u00e9rence pour les Langues (CECRL) d\u00e9fini par le Conseil de l\u2019Europe, des niveaux A1 \u00e0 C2.<\/p>\n\n\n\n<p>Les cours pr\u00e9parent les apprenants aux examens du DELF et du DALF. Ces dipl\u00f4mes de fran\u00e7ais sont reconnus dans le monde entier et sont d\u00e9livr\u00e9s par <a href=\"https:\/\/www.france-education-international.fr\/delf-dalf\">France \u00c9ducation international.<\/a><\/p>\n\n\n\n<p>Nos professeurs sont qualifi\u00e9s, certains ayant le fran\u00e7ais pour langue maternelle. Ils sont capables d'adapter chaque cours au niveau et aux besoins (professionnels et\/ou g\u00e9n\u00e9raux) des apprenants, le but \u00e9tant de les former autant \u00e0 l\u2019\u00e9crit qu\u2019\u00e0 l\u2019oral (vocabulaire, grammaire, phonologie).<\/p>\n\n\n\n<p>Les cours de l'Institut vous donnent acc\u00e8s \u00e0 la langue fran\u00e7aise et au patrimoine litt\u00e9raire et culturel de la francophonie. Pour nombre de nos anciens \u00e9l\u00e8ves, le fran\u00e7ais, c'est facile, ou en tout cas, bien moins difficile que vous ne le pensez !<\/p>\n\n\n\n<p><strong><mark style=\"background-color:rgba(0, 0, 0, 0);color:#565656\" class=\"has-inline-color\">Le cadre d\u2019enseignement<\/mark><\/strong><\/p>\n\n\n\n<p>Une \u00e9quipe de professeurs exp\u00e9riment\u00e9s et dynamiques, compos\u00e9e d\u2019enseignants mont\u00e9n\u00e9grins et fran\u00e7ais, est \u00e0 votre disposition pour vous faire d\u00e9couvrir une langue vivante et contemporaine gr\u00e2ce \u00e0 une approche communicative.<\/p>\n\n\n\n<ul class=\"wp-block-list\">\n<li>Nous proposons 2 sessions extensives (au printemps et en automne) et 2 sessions intensives (en janvier et en juillet) par an.<\/li>\n\n\n\n<li>Le nombre d\u2019apprenants par groupe est limit\u00e9 \u00e0 15.<\/li>\n\n\n\n<li>L\u2019apprenant a la possibilit\u00e9 d\u2019\u00eatre \u00e9valu\u00e9 gratuitement par un test de positionnement lors des inscriptions, afin de d\u00e9terminer le groupe le plus adapt\u00e9 \u00e0 sa ma\u00eetrise du fran\u00e7ais.<\/li>\n\n\n\n<li>Nos salles de classe sont \u00e9quip\u00e9es de tableaux blancs interactifs (TBI) qui rendent les cours plus dynamiques et votre apprentissage plus attractif.<\/li>\n\n\n\n<li>Un apprentissage en ligne est possible pour tous les apprenants qui viennent des autres villes du pays ou en dehors du Mont\u00e9n\u00e9gro.<\/li>\n<\/ul>\n\n\n\n<p class=\"has-text-color\" style=\"color:#1b3058\"><strong><mark style=\"background-color:rgba(0, 0, 0, 0);color:#565656\" class=\"has-inline-color\">Pour toutes informations contactez nous :<\/mark><\/strong><\/p>\n\n\n\n<p> +382 20 667 000<\/p>\n\n\n\n<p> +382 69 345 305<\/p>\n\n\n\n<p><a href=\"mailto:ifm@institutfrancais.me\" target=\"_blank\" rel=\"noreferrer noopener\">ifm@institutfrancais.me<\/a><\/p>\n\n\n\n<p>Voir l'offre de tous nos cours <a href=\"https:\/\/institutfrancais.me\/fr\/cours-de-langue\/\">ici<\/a><\/p>","protected":false},"excerpt":{"rendered":"<p>\u010casovi francuskog jezika Francuski institut Crne Gore organizuje kurseve francuskog jezika, op\u0161teg ili stru\u010dnog, za djecu, adolescente ili odrasle, koriste\u0107i [&hellip;]<\/p>\n","protected":false},"author":1,"featured_media":0,"parent":0,"menu_order":0,"comment_status":"closed","ping_status":"closed","template":"","meta":{"footnotes":""},"class_list":["post-6264","page","type-page","status-publish","hentry"],"_links":{"self":[{"href":"https:\/\/institutfrancais.me\/fr\/wp-json\/wp\/v2\/pages\/6264","targetHints":{"allow":["GET"]}}],"collection":[{"href":"https:\/\/institutfrancais.me\/fr\/wp-json\/wp\/v2\/pages"}],"about":[{"href":"https:\/\/institutfrancais.me\/fr\/wp-json\/wp\/v2\/types\/page"}],"author":[{"embeddable":true,"href":"https:\/\/institutfrancais.me\/fr\/wp-json\/wp\/v2\/users\/1"}],"replies":[{"embeddable":true,"href":"https:\/\/institutfrancais.me\/fr\/wp-json\/wp\/v2\/comments?post=6264"}],"version-history":[{"count":10,"href":"https:\/\/institutfrancais.me\/fr\/wp-json\/wp\/v2\/pages\/6264\/revisions"}],"predecessor-version":[{"id":7904,"href":"https:\/\/institutfrancais.me\/fr\/wp-json\/wp\/v2\/pages\/6264\/revisions\/7904"}],"wp:attachment":[{"href":"https:\/\/institutfrancais.me\/fr\/wp-json\/wp\/v2\/media?parent=6264"}],"curies":[{"name":"wp","href":"https:\/\/api.w.org\/{rel}","templated":true}]}}