{"id":6259,"date":"2022-05-04T21:07:36","date_gmt":"2022-05-04T21:07:36","guid":{"rendered":"https:\/\/institutfrancais.me\/?page_id=6259"},"modified":"2026-01-15T16:12:25","modified_gmt":"2026-01-15T15:12:25","slug":"individualni-casovi","status":"publish","type":"page","link":"https:\/\/institutfrancais.me\/fr\/individualni-casovi\/","title":{"rendered":"Cours individuels"},"content":{"rendered":"<figure class=\"wp-block-image size-full\"><img loading=\"lazy\" decoding=\"async\" width=\"640\" height=\"427\" src=\"https:\/\/institutfrancais.me\/wp-content\/uploads\/2022\/05\/francuski-za-starije-osnovce.jpg\" alt=\"francuski za starije osnovce\" class=\"wp-image-6497\" srcset=\"https:\/\/institutfrancais.me\/wp-content\/uploads\/2022\/05\/francuski-za-starije-osnovce.jpg 640w, https:\/\/institutfrancais.me\/wp-content\/uploads\/2022\/05\/francuski-za-starije-osnovce-300x200.jpg 300w, https:\/\/institutfrancais.me\/wp-content\/uploads\/2022\/05\/francuski-za-starije-osnovce-624x416.jpg 624w, https:\/\/institutfrancais.me\/wp-content\/uploads\/2022\/05\/francuski-za-starije-osnovce-84x56.jpg 84w\" sizes=\"auto, (max-width: 640px) 100vw, 640px\" \/><\/figure>\n\n\n\n<p><strong><mark style=\"background-color:rgba(0, 0, 0, 0)\" class=\"has-inline-color has-vivid-cyan-blue-color\">Cours individuels<\/mark><\/strong><\/p>\n\n\n\n<p>Ces cours sont adapt\u00e9s aux apprenants dont l\u2019agenda ne leur permet pas de suivre les cours en groupe aux horaires propos\u00e9s ou qui pr\u00e9f\u00e8rent une m\u00e9thode personnalis\u00e9e. Dans ce cadre, un enseignant est mis \u00e0 la disposition de l\u2019apprenant sur la base d\u2019un cours individuel. Les cours peuvent se d\u00e9rouler dans les locaux de l'Institut fran\u00e7ais ou via des plateformes en ligne. Des cours en module de deux personnes sont envisagables.<\/p>\n\n\n\n<p>Cijena za jednu osobu: 38\u20ac po \u010dasu (60 minuta)<\/p>\n\n\n\n<p>Cijena za dvije osobe: 50\u20ac po \u010dasu (60 minuta)<\/p>\n\n\n\n<p>Upis se vr\u0161i slanjem formulara za upis, telefon 020 667 000, 069 345 305 ili li\u010dno u prostorijama Francuskog instituta.<\/p>\n\n\n\n<p style=\"font-size:14px\"><strong><mark style=\"background-color:rgba(0, 0, 0, 0);color:#565656\" class=\"has-inline-color\"><a href=\"https:\/\/inscrire.hanaf.net\/montenegro.php\" target=\"_blank\" rel=\"noreferrer noopener\">Formulaire d'inscription<\/a><\/mark><\/strong><\/p>\n\n\n\n<p style=\"font-size:14px\"><strong><mark style=\"background-color:rgba(0, 0, 0, 0);color:#565656\" class=\"has-inline-color\"><a href=\"https:\/\/institutfrancais.me\/wp-content\/uploads\/2026\/01\/Reglement-Pravilnik-2.pdf\" target=\"_blank\" rel=\"noreferrer noopener\">R\u00e8glement<\/a><\/mark><\/strong><\/p>\n\n\n\n<p style=\"font-size:14px\"><a rel=\"noreferrer noopener\" href=\"https:\/\/institutfrancais.me\/wp-content\/uploads\/2023\/02\/TABELA-SA-NIVOIMA.doc\" data-type=\"URL\" data-id=\"https:\/\/institutfrancais.me\/wp-content\/uploads\/2023\/02\/TABELA-SA-NIVOIMA.doc\" target=\"_blank\"><strong><mark style=\"background-color:rgba(0, 0, 0, 0);color:#565656\" class=\"has-inline-color\">Tableau des niveaux me<\/mark><\/strong><\/a><\/p>\n\n\n\n<p style=\"font-size:14px\"><a href=\"https:\/\/institutfrancais.me\/wp-content\/uploads\/2023\/02\/TABLEAU-DES-COURS-.doc\" data-type=\"URL\" data-id=\"https:\/\/institutfrancais.me\/wp-content\/uploads\/2023\/02\/TABLEAU-DES-COURS-.doc\" target=\"_blank\" rel=\"noreferrer noopener\"><strong><mark style=\"background-color:rgba(0, 0, 0, 0);color:#565656\" class=\"has-inline-color\">Tableau des cours fr<\/mark><\/strong><\/a><\/p>","protected":false},"excerpt":{"rendered":"<p>Individualni \u010dasovi Ovi \u010dasovi su prilago\u0111eni polaznicima kojima raspored obaveza ne dozvoljava da poha\u0111aju kurseve u grupi u predlo\u017eeno vrijeme [&hellip;]<\/p>\n","protected":false},"author":1,"featured_media":0,"parent":0,"menu_order":0,"comment_status":"closed","ping_status":"closed","template":"","meta":{"footnotes":""},"class_list":["post-6259","page","type-page","status-publish","hentry"],"_links":{"self":[{"href":"https:\/\/institutfrancais.me\/fr\/wp-json\/wp\/v2\/pages\/6259","targetHints":{"allow":["GET"]}}],"collection":[{"href":"https:\/\/institutfrancais.me\/fr\/wp-json\/wp\/v2\/pages"}],"about":[{"href":"https:\/\/institutfrancais.me\/fr\/wp-json\/wp\/v2\/types\/page"}],"author":[{"embeddable":true,"href":"https:\/\/institutfrancais.me\/fr\/wp-json\/wp\/v2\/users\/1"}],"replies":[{"embeddable":true,"href":"https:\/\/institutfrancais.me\/fr\/wp-json\/wp\/v2\/comments?post=6259"}],"version-history":[{"count":10,"href":"https:\/\/institutfrancais.me\/fr\/wp-json\/wp\/v2\/pages\/6259\/revisions"}],"predecessor-version":[{"id":7899,"href":"https:\/\/institutfrancais.me\/fr\/wp-json\/wp\/v2\/pages\/6259\/revisions\/7899"}],"wp:attachment":[{"href":"https:\/\/institutfrancais.me\/fr\/wp-json\/wp\/v2\/media?parent=6259"}],"curies":[{"name":"wp","href":"https:\/\/api.w.org\/{rel}","templated":true}]}}