{"id":6256,"date":"2022-05-04T21:04:20","date_gmt":"2022-05-04T21:04:20","guid":{"rendered":"https:\/\/institutfrancais.me\/?page_id=6256"},"modified":"2026-01-15T16:11:48","modified_gmt":"2026-01-15T15:11:48","slug":"casovi-crnogorskog-za-strance","status":"publish","type":"page","link":"https:\/\/institutfrancais.me\/fr\/casovi-crnogorskog-za-strance\/","title":{"rendered":"Cours de mont\u00e9n\u00e9grin pour les \u00e9trangers"},"content":{"rendered":"<figure class=\"wp-block-image size-full\"><img loading=\"lazy\" decoding=\"async\" width=\"640\" height=\"427\" src=\"https:\/\/institutfrancais.me\/wp-content\/uploads\/2022\/05\/casovi-crnogorskog-za-strance.jpg\" alt=\"\" class=\"wp-image-6502\" srcset=\"https:\/\/institutfrancais.me\/wp-content\/uploads\/2022\/05\/casovi-crnogorskog-za-strance.jpg 640w, https:\/\/institutfrancais.me\/wp-content\/uploads\/2022\/05\/casovi-crnogorskog-za-strance-300x200.jpg 300w, https:\/\/institutfrancais.me\/wp-content\/uploads\/2022\/05\/casovi-crnogorskog-za-strance-624x416.jpg 624w, https:\/\/institutfrancais.me\/wp-content\/uploads\/2022\/05\/casovi-crnogorskog-za-strance-84x56.jpg 84w\" sizes=\"auto, (max-width: 640px) 100vw, 640px\" \/><\/figure>\n\n\n\n<p><strong>Cours de mont\u00e9n\u00e9grin pour les \u00e9trangers<\/strong><\/p>\n\n\n\n<ul class=\"wp-block-list\">\n<li>D\u00e9roulement des cours en pr\u00e9sentiel ou via des plateformes en ligne.<\/li>\n\n\n\n<li>Les cours sont assur\u00e9s par des professeurs francophones ou anglophones.<\/li>\n\n\n\n<li>Le nombre d'apprenants dans le groupe est limit\u00e9 pour un enseignement efficace, au minimum 5 \u00e9l\u00e8ves du m\u00eame niveau, et un maximum de 10.<\/li>\n\n\n\n<li>Possibilit\u00e9 d'organiser des cours individuels.<\/li>\n<\/ul>\n\n\n\n<p><strong><mark style=\"background-color:rgba(0, 0, 0, 0);color:#565656\" class=\"has-inline-color\">Session de 36 heures<\/mark><\/strong><\/p>\n\n\n\n<ul class=\"wp-block-list\">\n<li>2 s\u00e9ances de 90 minutes par semaine<\/li>\n\n\n\n<li>sur 12 semaines<\/li>\n\n\n\n<li>310\u20ac<\/li>\n<\/ul>\n\n\n\n<p><strong><mark style=\"background-color:rgba(0, 0, 0, 0);color:#565656\" class=\"has-inline-color\">Session de 30 heures<\/mark><\/strong><\/p>\n\n\n\n<ul class=\"wp-block-list\">\n<li>2 s\u00e9ances de 60 minutes par semaine<\/li>\n\n\n\n<li>sur 15 semaines<\/li>\n\n\n\n<li>260\u20ac<\/li>\n<\/ul>\n\n\n\n<p><strong><mark style=\"background-color:rgba(0, 0, 0, 0);color:#565656\" class=\"has-inline-color\">Session de 24 heures<\/mark><\/strong><\/p>\n\n\n\n<ul class=\"wp-block-list\">\n<li>2 s\u00e9ances de 60 minutes par semaine<\/li>\n\n\n\n<li>sur 12 semaines<\/li>\n\n\n\n<li>220\u20ac<\/li>\n<\/ul>\n\n\n\n<p><strong><mark style=\"background-color:rgba(0, 0, 0, 0);color:#565656\" class=\"has-inline-color\">Session de 20 heures<\/mark><\/strong><\/p>\n\n\n\n<ul class=\"wp-block-list\">\n<li>2 s\u00e9ances de 60 minutes par semaine<\/li>\n\n\n\n<li>sur 10 semaines<\/li>\n\n\n\n<li>190\u20ac<\/li>\n<\/ul>\n\n\n\n<p>Upis se vr\u0161i slanjem formulara za upis, telefonom +382 20 667 000, +382 69 345 305 ili li\u010dno u prostorijama Francuskog instituta.<\/p>\n\n\n\n<p style=\"font-size:14px\"><strong><mark style=\"background-color:rgba(0, 0, 0, 0);color:#565656\" class=\"has-inline-color\"><a href=\"https:\/\/inscrire.hanaf.net\/montenegro.php\" target=\"_blank\" rel=\"noreferrer noopener\">Formulaire d'inscription<\/a><\/mark><\/strong><\/p>\n\n\n\n<p style=\"font-size:14px\"><strong><mark style=\"background-color:rgba(0, 0, 0, 0);color:#565656\" class=\"has-inline-color\"><a href=\"https:\/\/institutfrancais.me\/wp-content\/uploads\/2026\/01\/Reglement-Pravilnik-2.pdf\" target=\"_blank\" rel=\"noreferrer noopener\">R\u00e8glement<\/a><\/mark><\/strong><\/p>","protected":false},"excerpt":{"rendered":"<p>\u010casovi crnogorskog za strance: Ukupno 36 sati Ukupno 30 sati Ukupno 24 sata Ukupno 20 sati Upis se vr\u0161i slanjem [&hellip;]<\/p>\n","protected":false},"author":1,"featured_media":0,"parent":0,"menu_order":0,"comment_status":"closed","ping_status":"closed","template":"","meta":{"footnotes":""},"class_list":["post-6256","page","type-page","status-publish","hentry"],"_links":{"self":[{"href":"https:\/\/institutfrancais.me\/fr\/wp-json\/wp\/v2\/pages\/6256","targetHints":{"allow":["GET"]}}],"collection":[{"href":"https:\/\/institutfrancais.me\/fr\/wp-json\/wp\/v2\/pages"}],"about":[{"href":"https:\/\/institutfrancais.me\/fr\/wp-json\/wp\/v2\/types\/page"}],"author":[{"embeddable":true,"href":"https:\/\/institutfrancais.me\/fr\/wp-json\/wp\/v2\/users\/1"}],"replies":[{"embeddable":true,"href":"https:\/\/institutfrancais.me\/fr\/wp-json\/wp\/v2\/comments?post=6256"}],"version-history":[{"count":10,"href":"https:\/\/institutfrancais.me\/fr\/wp-json\/wp\/v2\/pages\/6256\/revisions"}],"predecessor-version":[{"id":7898,"href":"https:\/\/institutfrancais.me\/fr\/wp-json\/wp\/v2\/pages\/6256\/revisions\/7898"}],"wp:attachment":[{"href":"https:\/\/institutfrancais.me\/fr\/wp-json\/wp\/v2\/media?parent=6256"}],"curies":[{"name":"wp","href":"https:\/\/api.w.org\/{rel}","templated":true}]}}