{"id":6253,"date":"2022-05-04T20:58:57","date_gmt":"2022-05-04T20:58:57","guid":{"rendered":"https:\/\/institutfrancais.me\/?page_id=6253"},"modified":"2026-01-15T16:10:48","modified_gmt":"2026-01-15T15:10:48","slug":"francuski-za-starije-osnovce","status":"publish","type":"page","link":"https:\/\/institutfrancais.me\/fr\/francuski-za-starije-osnovce\/","title":{"rendered":"Fran\u00e7ais pour les coll\u00e9giens"},"content":{"rendered":"<figure class=\"wp-block-image size-full\"><img loading=\"lazy\" decoding=\"async\" width=\"1000\" height=\"668\" src=\"https:\/\/institutfrancais.me\/wp-content\/uploads\/2023\/01\/stariji-osnovci.jpg\" alt=\"\" class=\"wp-image-6998\" srcset=\"https:\/\/institutfrancais.me\/wp-content\/uploads\/2023\/01\/stariji-osnovci.jpg 1000w, https:\/\/institutfrancais.me\/wp-content\/uploads\/2023\/01\/stariji-osnovci-300x200.jpg 300w, https:\/\/institutfrancais.me\/wp-content\/uploads\/2023\/01\/stariji-osnovci-768x513.jpg 768w, https:\/\/institutfrancais.me\/wp-content\/uploads\/2023\/01\/stariji-osnovci-18x12.jpg 18w, https:\/\/institutfrancais.me\/wp-content\/uploads\/2023\/01\/stariji-osnovci-947x633.jpg 947w, https:\/\/institutfrancais.me\/wp-content\/uploads\/2023\/01\/stariji-osnovci-624x417.jpg 624w, https:\/\/institutfrancais.me\/wp-content\/uploads\/2023\/01\/stariji-osnovci-84x56.jpg 84w\" sizes=\"auto, (max-width: 1000px) 100vw, 1000px\" \/><\/figure>\n\n\n\n<p><strong>Fran\u00e7ais pour les coll\u00e9giens de 11 \u00e0 14 ans<\/strong><\/p>\n\n\n\n<p>Ces cours de fran\u00e7ais adapt\u00e9s aux coll\u00e9giens permettent d\u2019acqu\u00e9rir des savoirs linguistiques donnant \u00e0 l\u2019\u00e9l\u00e8ve les comp\u00e9tences n\u00e9cessaires pour interagir et communiquer dans diverses situations de la vie quotidienne. Le travail en classe s'appuie sur de nouvelles m\u00e9thodes en accord avec le quotidien des adolescents et inclut leurs formes de communication pr\u00e9f\u00e9r\u00e9es : musique, SMS, BD, documents vid\u00e9o, etc. La plus grande attention est port\u00e9e \u00e0 la compr\u00e9hension et \u00e0 l'expression orale, ce qui rend ces cours vivants et attrayants pour les jeunes.<\/p>\n\n\n\n<p>Les cours pr\u00e9parent \u00e9galement les \u00e9l\u00e8ves \u00e0 l\u2019examen du DELF junior.<\/p>\n\n\n\n<p>Le nombre d\u2019apprenants par groupe est limit\u00e9 \u00e0 15 et le niveau des groupes est homog\u00e8ne. Les apprenants peuvent \u00eatre \u00e9valu\u00e9s par un test de positionnement (gratuit) lors des inscriptions afin de d\u00e9terminer le groupe le plus adapt\u00e9 \u00e0 leur ma\u00eetrise du fran\u00e7ais. Nos salles de classe sont \u00e9quip\u00e9es de tableaux blancs interactifs (TBI) qui rendent les cours plus dynamiques et l'apprentissage plus attractif. En accord avec le souhait des groupes, les cours ont lieu dans les locaux de l'Institut fran\u00e7ais ou via des plateformes en ligne.<\/p>\n\n\n\n<p><strong><mark style=\"background-color:rgba(0, 0, 0, 0);color:#565656\" class=\"has-inline-color\">2 sessions extensives par an :<\/mark><\/strong><\/p>\n\n\n\n<ul class=\"wp-block-list\">\n<li>hiver\u2013printemps (f\u00e9vrier\/mai)<\/li>\n\n\n\n<li>automne- hiver (septembre\/d\u00e9cembre)<\/li>\n<\/ul>\n\n\n\n<p>1 s\u00e9ance de 120 minutes par semaine (samedi)<br>Total : 26 heures sur 13 semaines<br>Cijena kursa: 180\u20ac<br>Prix du manuel \" Adosh\u00e8re 1 \" : 30 \u20ac <br>Prix des manuels \" Adosh\u00e8re 2, 3 et 4 \" : 35\u20ac<br><br>Upis se vr\u0161i slanjem formulara za upis, telefonom +382 20 667 000, +382 69 345 305 ili li\u010dno u prostorijama Francuskog instituta.<\/p>\n\n\n\n<p style=\"font-size:14px\"><strong><mark style=\"background-color:rgba(0, 0, 0, 0);color:#565656\" class=\"has-inline-color\"><a href=\"https:\/\/inscrire.hanaf.net\/montenegro.php\" target=\"_blank\" rel=\"noreferrer noopener\">Formulaire d'inscription<\/a><\/mark><\/strong><\/p>\n\n\n\n<p style=\"font-size:14px\"><strong><mark style=\"background-color:rgba(0, 0, 0, 0);color:#565656\" class=\"has-inline-color\"><a href=\"https:\/\/institutfrancais.me\/wp-content\/uploads\/2026\/01\/Reglement-Pravilnik-2.pdf\" target=\"_blank\" rel=\"noreferrer noopener\">R\u00e8glement<\/a><\/mark><\/strong><\/p>","protected":false},"excerpt":{"rendered":"<p>Francuski za starije osnovce (11-14 godina) Ovi kursevi su posebno prilago\u0111eni starijim osnovcima i omogu\u0107avaju u\u010denicima sticanje jezi\u010dkih i komunikativnih [&hellip;]<\/p>\n","protected":false},"author":1,"featured_media":0,"parent":0,"menu_order":0,"comment_status":"closed","ping_status":"closed","template":"","meta":{"footnotes":""},"class_list":["post-6253","page","type-page","status-publish","hentry"],"_links":{"self":[{"href":"https:\/\/institutfrancais.me\/fr\/wp-json\/wp\/v2\/pages\/6253","targetHints":{"allow":["GET"]}}],"collection":[{"href":"https:\/\/institutfrancais.me\/fr\/wp-json\/wp\/v2\/pages"}],"about":[{"href":"https:\/\/institutfrancais.me\/fr\/wp-json\/wp\/v2\/types\/page"}],"author":[{"embeddable":true,"href":"https:\/\/institutfrancais.me\/fr\/wp-json\/wp\/v2\/users\/1"}],"replies":[{"embeddable":true,"href":"https:\/\/institutfrancais.me\/fr\/wp-json\/wp\/v2\/comments?post=6253"}],"version-history":[{"count":10,"href":"https:\/\/institutfrancais.me\/fr\/wp-json\/wp\/v2\/pages\/6253\/revisions"}],"predecessor-version":[{"id":7897,"href":"https:\/\/institutfrancais.me\/fr\/wp-json\/wp\/v2\/pages\/6253\/revisions\/7897"}],"wp:attachment":[{"href":"https:\/\/institutfrancais.me\/fr\/wp-json\/wp\/v2\/media?parent=6253"}],"curies":[{"name":"wp","href":"https:\/\/api.w.org\/{rel}","templated":true}]}}