{"id":6250,"date":"2022-05-04T20:55:56","date_gmt":"2022-05-04T20:55:56","guid":{"rendered":"https:\/\/institutfrancais.me\/?page_id=6250"},"modified":"2026-01-15T16:09:04","modified_gmt":"2026-01-15T15:09:04","slug":"francuski-za-najmlade","status":"publish","type":"page","link":"https:\/\/institutfrancais.me\/fr\/francuski-za-najmlade\/","title":{"rendered":"Fran\u00e7ais pour les plus petits"},"content":{"rendered":"<figure class=\"wp-block-image size-full\"><img loading=\"lazy\" decoding=\"async\" width=\"640\" height=\"427\" src=\"https:\/\/institutfrancais.me\/wp-content\/uploads\/2023\/01\/francuski-za-najmladje.jpg\" alt=\"\" class=\"wp-image-7000\" srcset=\"https:\/\/institutfrancais.me\/wp-content\/uploads\/2023\/01\/francuski-za-najmladje.jpg 640w, https:\/\/institutfrancais.me\/wp-content\/uploads\/2023\/01\/francuski-za-najmladje-300x200.jpg 300w, https:\/\/institutfrancais.me\/wp-content\/uploads\/2023\/01\/francuski-za-najmladje-18x12.jpg 18w, https:\/\/institutfrancais.me\/wp-content\/uploads\/2023\/01\/francuski-za-najmladje-624x416.jpg 624w, https:\/\/institutfrancais.me\/wp-content\/uploads\/2023\/01\/francuski-za-najmladje-84x56.jpg 84w\" sizes=\"auto, (max-width: 640px) 100vw, 640px\" \/><\/figure>\n\n\n\n<p><strong><mark style=\"background-color:rgba(0, 0, 0, 0);color:#0e86cc\" class=\"has-inline-color\">Fran\u00e7ais pr\u00e9coce (de 5 \u00e0 6 ans)<\/mark><\/strong><\/p>\n\n\n\n<p>L\u2019Institut ouvre ses portes aux plus jeunes et les invite \u00e0 d\u00e9couvrir la langue fran\u00e7aise tout en s\u2019amusant. Jeux, chansons, contes, coloriages, improvisations th\u00e9\u00e2trales. Autant d\u2019activit\u00e9s ludiques et divertissantes qui donneront aux enfants l\u2019envie d\u2019apprendre et leur permettront de se familiariser facilement avec la langue fran\u00e7aise. Les cours consistent en une s\u00e9rie d'activit\u00e9s amusantes qui captent l'attention des plus jeunes participants. L'enfant ma\u00eetrise le vocabulaire li\u00e9 \u00e0 certains th\u00e8mes : couleurs, nombres jusqu'\u00e0 10, parties du corps, animaux, objets, etc. Notre salle de classe pour les plus jeunes est adapt\u00e9e \u00e0 cet \u00e2ge et aux activit\u00e9s pr\u00e9vues.<\/p>\n\n\n\n<p>Notre salle de classe pour les plus jeunes est adapt\u00e9e \u00e0 leur \u00e2ge et aux activit\u00e9s pr\u00e9vues.<\/p>\n\n\n\n<p><strong><mark style=\"background-color:rgba(0, 0, 0, 0);color:#565656\" class=\"has-inline-color\">2 sessions extensives par an :<\/mark><\/strong><\/p>\n\n\n\n<ul class=\"wp-block-list\">\n<li>hiver\u2013printemps (f\u00e9vrier\/mai)<\/li>\n\n\n\n<li>automne- hiver (septembre\/d\u00e9cembre)<\/li>\n<\/ul>\n\n\n\n<p>1 s\u00e9ance de 60 minutes par semaine (samedi)<br>Total : 12 heures sur 12 semaines<br>Cijena: 100\u20ac&nbsp;<\/p>\n\n\n\n<p>Upis se vr\u0161i slanjem formulara za upis, telefonom +382 20 667 000, +382 69 345 305 ili li\u010dno u prostorijama Francuskog instituta.<\/p>\n\n\n\n<p style=\"font-size:14px\"><strong><mark style=\"background-color:rgba(0, 0, 0, 0);color:#565656\" class=\"has-inline-color\"><a href=\"https:\/\/inscrire.hanaf.net\/montenegro.php\" target=\"_blank\" rel=\"noreferrer noopener\">Formulaire d'inscription<\/a><\/mark><\/strong><\/p>\n\n\n\n<p style=\"font-size:14px\"><strong><mark style=\"background-color:rgba(0, 0, 0, 0);color:#565656\" class=\"has-inline-color\"><a href=\"https:\/\/institutfrancais.me\/wp-content\/uploads\/2026\/01\/Reglement-Pravilnik-2.pdf\" target=\"_blank\" rel=\"noreferrer noopener\">R\u00e8glement<\/a><\/mark><\/strong><\/p>","protected":false},"excerpt":{"rendered":"<p>Francuski za najmla\u0111e (5, 6 godina) Institut otvara svoja vrata najmla\u0111ima i poziva ih da se upoznaju sa francuskim jezikom [&hellip;]<\/p>\n","protected":false},"author":1,"featured_media":0,"parent":0,"menu_order":0,"comment_status":"closed","ping_status":"closed","template":"","meta":{"footnotes":""},"class_list":["post-6250","page","type-page","status-publish","hentry"],"_links":{"self":[{"href":"https:\/\/institutfrancais.me\/fr\/wp-json\/wp\/v2\/pages\/6250","targetHints":{"allow":["GET"]}}],"collection":[{"href":"https:\/\/institutfrancais.me\/fr\/wp-json\/wp\/v2\/pages"}],"about":[{"href":"https:\/\/institutfrancais.me\/fr\/wp-json\/wp\/v2\/types\/page"}],"author":[{"embeddable":true,"href":"https:\/\/institutfrancais.me\/fr\/wp-json\/wp\/v2\/users\/1"}],"replies":[{"embeddable":true,"href":"https:\/\/institutfrancais.me\/fr\/wp-json\/wp\/v2\/comments?post=6250"}],"version-history":[{"count":10,"href":"https:\/\/institutfrancais.me\/fr\/wp-json\/wp\/v2\/pages\/6250\/revisions"}],"predecessor-version":[{"id":7895,"href":"https:\/\/institutfrancais.me\/fr\/wp-json\/wp\/v2\/pages\/6250\/revisions\/7895"}],"wp:attachment":[{"href":"https:\/\/institutfrancais.me\/fr\/wp-json\/wp\/v2\/media?parent=6250"}],"curies":[{"name":"wp","href":"https:\/\/api.w.org\/{rel}","templated":true}]}}