{"id":6245,"date":"2022-05-04T20:51:56","date_gmt":"2022-05-04T18:51:56","guid":{"rendered":"https:\/\/institutfrancais.me\/?page_id=6245"},"modified":"2026-01-15T16:10:15","modified_gmt":"2026-01-15T15:10:15","slug":"francuski-za-mlade-osnovce-7-10-godina","status":"publish","type":"page","link":"https:\/\/institutfrancais.me\/fr\/francuski-za-mlade-osnovce\/","title":{"rendered":"Fran\u00e7ais pour les enfants"},"content":{"rendered":"<figure class=\"wp-block-image size-full\"><img loading=\"lazy\" decoding=\"async\" width=\"1000\" height=\"665\" src=\"https:\/\/institutfrancais.me\/wp-content\/uploads\/2023\/01\/francuski-za-mladje-osnovce.jpg\" alt=\"\" class=\"wp-image-7016\" srcset=\"https:\/\/institutfrancais.me\/wp-content\/uploads\/2023\/01\/francuski-za-mladje-osnovce.jpg 1000w, https:\/\/institutfrancais.me\/wp-content\/uploads\/2023\/01\/francuski-za-mladje-osnovce-300x200.jpg 300w, https:\/\/institutfrancais.me\/wp-content\/uploads\/2023\/01\/francuski-za-mladje-osnovce-768x511.jpg 768w, https:\/\/institutfrancais.me\/wp-content\/uploads\/2023\/01\/francuski-za-mladje-osnovce-18x12.jpg 18w, https:\/\/institutfrancais.me\/wp-content\/uploads\/2023\/01\/francuski-za-mladje-osnovce-947x630.jpg 947w, https:\/\/institutfrancais.me\/wp-content\/uploads\/2023\/01\/francuski-za-mladje-osnovce-624x415.jpg 624w, https:\/\/institutfrancais.me\/wp-content\/uploads\/2023\/01\/francuski-za-mladje-osnovce-84x56.jpg 84w\" sizes=\"auto, (max-width: 1000px) 100vw, 1000px\" \/><\/figure>\n\n\n\n<p><strong>Fran\u00e7ais pour les enfants de 7 \u00e0 10 ans<\/strong><\/p>\n\n\n\n<p>Dans ces cours destin\u00e9s aux enfants de l\u2019\u00e9cole \u00e9l\u00e9mentaire, l\u2019apprentissage du fran\u00e7ais s\u2019effectue \u00e0 travers des ateliers de cr\u00e9ation, des chansons, des po\u00e8mes et des dessins, en faisant appel \u00e0 des m\u00e9thodes interactives, des dessins anim\u00e9s et autres supports audiovisuels. Les enfants sont invit\u00e9s, dans un esprit cr\u00e9atif et ludique, \u00e0 s\u2019exprimer autour de diff\u00e9rentes situations de communication : jeux de r\u00f4le, chants, petites histoires\u2026<\/p>\n\n\n\n<p>Le nombre d\u2019apprenants par groupe est limit\u00e9 \u00e0 15 et le niveau des groupes est homog\u00e8ne. Nos salles de classe sont \u00e9quip\u00e9es de tableaux blancs interactifs (TBI) qui rendent les cours plus dynamiques et l'apprentissage plus attractif.<\/p>\n\n\n\n<p><strong><mark style=\"background-color:rgba(0, 0, 0, 0);color:#565656\" class=\"has-inline-color\">2 sessions extensives par an :<\/mark><\/strong><\/p>\n\n\n\n<ul class=\"wp-block-list\">\n<li>hiver\u2013printemps (f\u00e9vrier\/mai)<\/li>\n\n\n\n<li>automne- hiver (septembre\/d\u00e9cembre)<\/li>\n<\/ul>\n\n\n\n<p>1 s\u00e9ance de 90 minutes par semaine (samedi)<br>Total : 18 heures sur 12 semaines<br>Cijena kursa: 140\u20ac<br>Prix du manuel \" Les Loustics \" : 30\u20ac<br><br>Upis se vr\u0161i slanjem formulara za upis, telefonom +382 20 667 000, +382 69 345 305 ili li\u010dno u prostorijama Francuskog instituta.<\/p>\n\n\n\n<p style=\"font-size:14px\"><strong><mark style=\"background-color:rgba(0, 0, 0, 0);color:#565656\" class=\"has-inline-color\"><a href=\"https:\/\/inscrire.hanaf.net\/montenegro.php\" target=\"_blank\" rel=\"noreferrer noopener\">Formulaire d'inscription<\/a><\/mark><\/strong><\/p>\n\n\n\n<p style=\"font-size:14px\"><strong><mark style=\"background-color:rgba(0, 0, 0, 0);color:#565656\" class=\"has-inline-color\"><a href=\"https:\/\/institutfrancais.me\/wp-content\/uploads\/2026\/01\/Reglement-Pravilnik-2.pdf\" target=\"_blank\" rel=\"noreferrer noopener\">R\u00e8glement<\/a><\/mark><\/strong><\/p>","protected":false},"excerpt":{"rendered":"<p>Francuski za mla\u0111e osnovce (7-10 godina) Francuski jezik se u\u010di kroz kreativne radionice, muziku i poeziju, pri\u010de i brojalice, uz [&hellip;]<\/p>\n","protected":false},"author":1,"featured_media":0,"parent":0,"menu_order":0,"comment_status":"closed","ping_status":"closed","template":"","meta":{"footnotes":""},"class_list":["post-6245","page","type-page","status-publish","hentry"],"_links":{"self":[{"href":"https:\/\/institutfrancais.me\/fr\/wp-json\/wp\/v2\/pages\/6245","targetHints":{"allow":["GET"]}}],"collection":[{"href":"https:\/\/institutfrancais.me\/fr\/wp-json\/wp\/v2\/pages"}],"about":[{"href":"https:\/\/institutfrancais.me\/fr\/wp-json\/wp\/v2\/types\/page"}],"author":[{"embeddable":true,"href":"https:\/\/institutfrancais.me\/fr\/wp-json\/wp\/v2\/users\/1"}],"replies":[{"embeddable":true,"href":"https:\/\/institutfrancais.me\/fr\/wp-json\/wp\/v2\/comments?post=6245"}],"version-history":[{"count":10,"href":"https:\/\/institutfrancais.me\/fr\/wp-json\/wp\/v2\/pages\/6245\/revisions"}],"predecessor-version":[{"id":7896,"href":"https:\/\/institutfrancais.me\/fr\/wp-json\/wp\/v2\/pages\/6245\/revisions\/7896"}],"wp:attachment":[{"href":"https:\/\/institutfrancais.me\/fr\/wp-json\/wp\/v2\/media?parent=6245"}],"curies":[{"name":"wp","href":"https:\/\/api.w.org\/{rel}","templated":true}]}}