{"id":6228,"date":"2022-05-04T20:42:07","date_gmt":"2022-05-04T18:42:07","guid":{"rendered":"https:\/\/institutfrancais.me\/?page_id=6228"},"modified":"2026-01-15T16:08:01","modified_gmt":"2026-01-15T15:08:01","slug":"francuski-za-mlade-i-odrasle","status":"publish","type":"page","link":"https:\/\/institutfrancais.me\/fr\/francuski-za-mlade-i-odrasle\/","title":{"rendered":"Fran\u00e7ais pour les jeunes et adultes"},"content":{"rendered":"<figure class=\"wp-block-image size-full\"><img loading=\"lazy\" decoding=\"async\" width=\"1000\" height=\"667\" src=\"https:\/\/institutfrancais.me\/wp-content\/uploads\/2023\/01\/casovi-za-mlade-i-odrasle.jpg\" alt=\"\" class=\"wp-image-7014\" srcset=\"https:\/\/institutfrancais.me\/wp-content\/uploads\/2023\/01\/casovi-za-mlade-i-odrasle.jpg 1000w, https:\/\/institutfrancais.me\/wp-content\/uploads\/2023\/01\/casovi-za-mlade-i-odrasle-300x200.jpg 300w, https:\/\/institutfrancais.me\/wp-content\/uploads\/2023\/01\/casovi-za-mlade-i-odrasle-768x512.jpg 768w, https:\/\/institutfrancais.me\/wp-content\/uploads\/2023\/01\/casovi-za-mlade-i-odrasle-18x12.jpg 18w, https:\/\/institutfrancais.me\/wp-content\/uploads\/2023\/01\/casovi-za-mlade-i-odrasle-947x632.jpg 947w, https:\/\/institutfrancais.me\/wp-content\/uploads\/2023\/01\/casovi-za-mlade-i-odrasle-624x416.jpg 624w, https:\/\/institutfrancais.me\/wp-content\/uploads\/2023\/01\/casovi-za-mlade-i-odrasle-84x56.jpg 84w\" sizes=\"auto, (max-width: 1000px) 100vw, 1000px\" \/><\/figure>\n\n\n\n<p><strong><mark style=\"background-color:rgba(0, 0, 0, 0)\" class=\"has-inline-color has-vivid-cyan-blue-color\">Fran\u00e7ais pour les jeunes (\u00e0 partir de 15 ans) et les adultes<\/mark><\/strong><\/p>\n\n\n\n<p>Kursevi za mlade i odrasle su namijenjeni svima koji \u017eele da se upoznaju sa francuskim jezikom i kulturom, kao i za one koji \u017eele da usavr\u0161e svoja znanja. Ovi kursevi vam nude napredovanje u u\u010denju francuskog jezika i pripremaju vas za DELF ispite. Koriste se nastavne metode \u00ab  \u00c9dito \u00bb i \u00ab Alter Ego+ \u00bb, koje su zasnovane na preporukama Zajedni\u010dkog evropskog referentnog okvira za jezike (CECRL) i koje omogu\u0107avaju neophodnu komunikaciju na francuskom jeziku. Ove metode vas vode kroz svih devet\u00a0 nivoa u\u010denja.<\/p>\n\n\n\n<p>Le nombre d\u2019apprenants par groupe est limit\u00e9 \u00e0 15 et le niveau des groupes est homog\u00e8ne. Chaque \u00e9tudiant est \u00e9valu\u00e9 par un test de positionnement (gratuit) lors des inscriptions afin de d\u00e9terminer le groupe le plus adapt\u00e9 \u00e0 sa ma\u00eetrise du fran\u00e7ais. Nos salles de classe sont \u00e9quip\u00e9es de tableaux blancs interactifs (TBI) qui rendent les cours plus dynamiques et l'apprentissage plus attractif. Selon le souhait des groupes, les cours ont lieu dans les locaux de l'Institut fran\u00e7ais ou via des plateformes en ligne.<\/p>\n\n\n\n<p><strong><mark style=\"background-color:rgba(0, 0, 0, 0);color:#565656\" class=\"has-inline-color\">Cours de fran\u00e7ais g\u00e9n\u00e9ral du niveau A1 au niveau C1<\/mark><\/strong><\/p>\n\n\n\n<p><strong><mark style=\"background-color:rgba(0, 0, 0, 0);color:#565656\" class=\"has-inline-color\">2 sessions extensives par an :<\/mark><\/strong><\/p>\n\n\n\n<ul class=\"wp-block-list\">\n<li>hiver\u2013printemps (f\u00e9vrier\/mai)<\/li>\n\n\n\n<li>automne- hiver (septembre\/d\u00e9cembre)<\/li>\n<\/ul>\n\n\n\n<p>Ukupno 39 sati za nivo A1.1 <br>Cijena za odrasle: 280\u20ac <br>Cijena za u\u010denike i studente (uz indeks ili potvrdu o redovnom studiranju): 240\u20ac<br>Cijena ud\u017ebenika \u00c9dito: 40\u20ac <\/p>\n\n\n\n<p><\/p>\n\n\n\n<p>Ukupno 36 sati za ostale nivoe <br>Cijena za odrasle: 260\u20ac <br>Cijena za u\u010denike i studente (uz indeks ili potvrdu o redovnom studiranju): 220\u20ac<br>Cijena ud\u017ebenika Alter Ego+ 2: 35\u20ac <br>Prix des mannuels \" Alter Ego+ 3 et 4 \" : 40\u20ac&nbsp;&nbsp;&nbsp;&nbsp;&nbsp;&nbsp;&nbsp;&nbsp;&nbsp;&nbsp;&nbsp;&nbsp;&nbsp;&nbsp;&nbsp;&nbsp;&nbsp;&nbsp;&nbsp;&nbsp;&nbsp;&nbsp;&nbsp;&nbsp; &nbsp;&nbsp;&nbsp;&nbsp;&nbsp;&nbsp;&nbsp;&nbsp;&nbsp;&nbsp;&nbsp;&nbsp;&nbsp;&nbsp;&nbsp;&nbsp;&nbsp;&nbsp;&nbsp;&nbsp;&nbsp;&nbsp;&nbsp;&nbsp;&nbsp;&nbsp;&nbsp;&nbsp;&nbsp;&nbsp;&nbsp;&nbsp;&nbsp;&nbsp;&nbsp;&nbsp;&nbsp;&nbsp;&nbsp;&nbsp;&nbsp;&nbsp;&nbsp;&nbsp;&nbsp;&nbsp;&nbsp;&nbsp;&nbsp;&nbsp;&nbsp;&nbsp;&nbsp;&nbsp;&nbsp;&nbsp;&nbsp;&nbsp;&nbsp;&nbsp;&nbsp;&nbsp;&nbsp;&nbsp;&nbsp;&nbsp;&nbsp;&nbsp;&nbsp;&nbsp;&nbsp;&nbsp;&nbsp;&nbsp;&nbsp;&nbsp;&nbsp;&nbsp;&nbsp;&nbsp;&nbsp;&nbsp;&nbsp;&nbsp;&nbsp;&nbsp;&nbsp;&nbsp;&nbsp;&nbsp;&nbsp;&nbsp;&nbsp;&nbsp;&nbsp;<\/p>\n\n\n\n<p><strong><mark style=\"background-color:rgba(0, 0, 0, 0);color:#565656\" class=\"has-inline-color\">2 sessions intensives par an :<\/mark><\/strong><\/p>\n\n\n\n<ul class=\"wp-block-list\">\n<li>Au mois de janvier<\/li>\n\n\n\n<li>Au mois de juillet<\/li>\n<\/ul>\n\n\n\n<p>3 sata dnevno tokom 12 radnih dana<br><\/p>\n\n\n\n<p>Upis se vr\u0161i slanjem formulara za upis, telefonom +382 20 667 000, +382 69 345 305 ili li\u010dno u prostorijama Francuskog instituta.<\/p>\n\n\n\n<p style=\"font-size:14px\"><strong><mark style=\"background-color:rgba(0, 0, 0, 0);color:#565656\" class=\"has-inline-color\"><a href=\"https:\/\/inscrire.hanaf.net\/montenegro.php\" target=\"_blank\" rel=\"noreferrer noopener\">Formulaire d'inscription<\/a><\/mark><\/strong><\/p>\n\n\n\n<p style=\"font-size:14px\"><strong><mark style=\"background-color:rgba(0, 0, 0, 0);color:#565656\" class=\"has-inline-color\"><a href=\"https:\/\/institutfrancais.me\/wp-content\/uploads\/2026\/01\/Reglement-Pravilnik-2.pdf\" target=\"_blank\" rel=\"noreferrer noopener\">R\u00e8glement<\/a><\/mark><\/strong><\/p>\n\n\n\n<p style=\"font-size:14px\"><a rel=\"noreferrer noopener\" href=\"https:\/\/institutfrancais.me\/wp-content\/uploads\/2023\/02\/TABELA-SA-NIVOIMA.doc\" data-type=\"URL\" data-id=\"https:\/\/institutfrancais.me\/wp-content\/uploads\/2023\/02\/TABELA-SA-NIVOIMA.doc\" target=\"_blank\"><strong><mark style=\"background-color:rgba(0, 0, 0, 0);color:#565656\" class=\"has-inline-color\">Tableau des niveaux me<\/mark><\/strong><\/a><\/p>\n\n\n\n<p style=\"font-size:14px\"><a href=\"https:\/\/institutfrancais.me\/wp-content\/uploads\/2023\/02\/TABLEAU-DES-COURS-.doc\" data-type=\"URL\" data-id=\"https:\/\/institutfrancais.me\/wp-content\/uploads\/2023\/02\/TABLEAU-DES-COURS-.doc\" target=\"_blank\" rel=\"noreferrer noopener\"><strong><mark style=\"background-color:rgba(0, 0, 0, 0);color:#565656\" class=\"has-inline-color\">Tableau des cours fr<\/mark><\/strong><\/a><\/p>\n\n\n\n<p><\/p>","protected":false},"excerpt":{"rendered":"<p>Francuski za mlade (preko 15 godina) i odrasle Kursevi za mlade i odrasle su namijenjeni svima koji \u017eele da se [&hellip;]<\/p>\n","protected":false},"author":1,"featured_media":6229,"parent":0,"menu_order":0,"comment_status":"closed","ping_status":"closed","template":"","meta":{"footnotes":""},"class_list":["post-6228","page","type-page","status-publish","has-post-thumbnail","hentry"],"_links":{"self":[{"href":"https:\/\/institutfrancais.me\/fr\/wp-json\/wp\/v2\/pages\/6228","targetHints":{"allow":["GET"]}}],"collection":[{"href":"https:\/\/institutfrancais.me\/fr\/wp-json\/wp\/v2\/pages"}],"about":[{"href":"https:\/\/institutfrancais.me\/fr\/wp-json\/wp\/v2\/types\/page"}],"author":[{"embeddable":true,"href":"https:\/\/institutfrancais.me\/fr\/wp-json\/wp\/v2\/users\/1"}],"replies":[{"embeddable":true,"href":"https:\/\/institutfrancais.me\/fr\/wp-json\/wp\/v2\/comments?post=6228"}],"version-history":[{"count":9,"href":"https:\/\/institutfrancais.me\/fr\/wp-json\/wp\/v2\/pages\/6228\/revisions"}],"predecessor-version":[{"id":7894,"href":"https:\/\/institutfrancais.me\/fr\/wp-json\/wp\/v2\/pages\/6228\/revisions\/7894"}],"wp:featuredmedia":[{"embeddable":true,"href":"https:\/\/institutfrancais.me\/fr\/wp-json\/wp\/v2\/media\/6229"}],"wp:attachment":[{"href":"https:\/\/institutfrancais.me\/fr\/wp-json\/wp\/v2\/media?parent=6228"}],"curies":[{"name":"wp","href":"https:\/\/api.w.org\/{rel}","templated":true}]}}