{"id":6207,"date":"2022-05-04T11:41:19","date_gmt":"2022-05-04T11:41:19","guid":{"rendered":"https:\/\/institutfrancais.me\/?page_id=6207"},"modified":"2025-09-25T10:18:15","modified_gmt":"2025-09-25T08:18:15","slug":"mediatheque","status":"publish","type":"page","link":"https:\/\/institutfrancais.me\/fr\/medijateka\/","title":{"rendered":"M\u00e9diath\u00e8que"},"content":{"rendered":"<figure class=\"wp-block-image size-full is-resized is-style-default\"><img loading=\"lazy\" decoding=\"async\" width=\"1000\" height=\"667\" src=\"https:\/\/institutfrancais.me\/wp-content\/uploads\/2023\/01\/medijateka.jpg\" alt=\"\" class=\"wp-image-6995\" style=\"width:1000px;height:667px\" srcset=\"https:\/\/institutfrancais.me\/wp-content\/uploads\/2023\/01\/medijateka.jpg 1000w, https:\/\/institutfrancais.me\/wp-content\/uploads\/2023\/01\/medijateka-300x200.jpg 300w, https:\/\/institutfrancais.me\/wp-content\/uploads\/2023\/01\/medijateka-768x512.jpg 768w, https:\/\/institutfrancais.me\/wp-content\/uploads\/2023\/01\/medijateka-18x12.jpg 18w, https:\/\/institutfrancais.me\/wp-content\/uploads\/2023\/01\/medijateka-947x632.jpg 947w, https:\/\/institutfrancais.me\/wp-content\/uploads\/2023\/01\/medijateka-624x416.jpg 624w, https:\/\/institutfrancais.me\/wp-content\/uploads\/2023\/01\/medijateka-84x56.jpg 84w\" sizes=\"auto, (max-width: 1000px) 100vw, 1000px\" \/><\/figure>\n\n\n\n<p><strong><mark style=\"background-color:rgba(0, 0, 0, 0)\" class=\"has-inline-color has-vivid-cyan-blue-color\">La m\u00e9diath\u00e8que de l\u2019Institut fran\u00e7ais et la plateforme Cultureth\u00e8que<\/mark><\/strong><\/p>\n\n\n\n<p>La m\u00e9diath\u00e8que de l'Institut fran\u00e7ais du Mont\u00e9n\u00e9gro met \u00e0 votre disposition une s\u00e9lection de titres d'\u00e9crivains fran\u00e7ais contemporains, ainsi que des classiques de la litt\u00e9rature fran\u00e7aise, des magazines et des films. Si vous souhaitez emprunter un livre ou un magazine, nous vous invitons \u00e0 devenir membre de la m\u00e9diath\u00e8que de l'Institut fran\u00e7ais. L\u2019adh\u00e9sion se fait dans nos locaux. Vous y recevrez la carte de membre de l\u2019Institut fran\u00e7ais, qui vous donnera \u00e9galement acc\u00e8s \u00e0 la m\u00e9diath\u00e8que num\u00e9rique Cultureth\u00e8que.<\/p>\n\n\n\n<p>Cultureth\u00e8que regroupe des centaines de milliers de ressources, accessibles depuis votre t\u00e9l\u00e9phone ou votre ordinateur. Vous y trouverez de nombreux romans, magazines, journaux et bandes dessin\u00e9es, un grand r\u00e9pertoire musical, des podcasts et m\u00eame des ressources p\u00e9dagogiques pour am\u00e9liorer votre fran\u00e7ais ! Elle est adapt\u00e9e aux locuteurs \u00e9trangers, les lectures \u00e9tant class\u00e9es selon votre niveau, de A1 \u00e0 C2.<\/p>\n\n\n\n<p>Le co\u00fbt annuel de l\u2019inscription \u00e0 la m\u00e9diath\u00e8que est de 5\u20ac. L\u2019inscription inclut l\u2019acc\u00e8s \u00e0 Cultureth\u00e8que.<\/p>\n\n\n\n<p>Pour les apprenants de l\u2019Institut fran\u00e7ais du Mont\u00e9n\u00e9gro, ainsi que pour les professeurs de fran\u00e7ais et les membres de l'Association des professeurs de fran\u00e7ais du Mont\u00e9n\u00e9gro, l\u2019acc\u00e8s \u00e0 la m\u00e9diath\u00e8que et \u00e0 Cultureth\u00e8que est gratuit.<\/p>\n\n\n\n<p><strong><mark style=\"background-color:rgba(0, 0, 0, 0)\" class=\"has-inline-color has-vivid-cyan-blue-color\">Comment acc\u00e9der \u00e0 Cultureth\u00e8que ?<\/mark><\/strong><\/p>\n\n\n\n<p class=\"translation-block\">Si vous \u00eates un apprenant, un professeur, ou un membre de la m\u00e9diath\u00e8que de l\u2019Institut fran\u00e7ais du Mont\u00e9n\u00e9gro, vous pouvez vous inscrire en ligne gratuitement. Pour ce faire, cliquez sur le lien ci-dessous et remplissez le formulaire d\u2019inscription en indiquant \u00ab Mont\u00e9n\u00e9gro \u00bb dans le champ Biblioth\u00e8que. Nous accepterons ensuite votre demande d\u2019adh\u00e9sion pour une dur\u00e9e d\u2019un an.<\/p>\n\n\n\n<p><a href=\"https:\/\/www.culturetheque.com\/fr\" data-type=\"URL\" data-id=\"https:\/\/www.culturetheque.com\/MNE\/register.aspx?_lg=fr-FR\" target=\"_blank\" rel=\"noreferrer noopener\">Cultureth\u00e8que - Inscription <\/a><\/p>","protected":false},"excerpt":{"rendered":"<p>Medijateka Francuskog instituta i digitalna platforma Cultureth\u00e8que U medijateci Francuskog instituta Crne Gore \u0107ete na\u0107i naslove savremenih francuskih pisaca, kao [&hellip;]<\/p>\n","protected":false},"author":1,"featured_media":5934,"parent":0,"menu_order":0,"comment_status":"closed","ping_status":"closed","template":"","meta":{"footnotes":""},"class_list":["post-6207","page","type-page","status-publish","has-post-thumbnail","hentry"],"_links":{"self":[{"href":"https:\/\/institutfrancais.me\/fr\/wp-json\/wp\/v2\/pages\/6207","targetHints":{"allow":["GET"]}}],"collection":[{"href":"https:\/\/institutfrancais.me\/fr\/wp-json\/wp\/v2\/pages"}],"about":[{"href":"https:\/\/institutfrancais.me\/fr\/wp-json\/wp\/v2\/types\/page"}],"author":[{"embeddable":true,"href":"https:\/\/institutfrancais.me\/fr\/wp-json\/wp\/v2\/users\/1"}],"replies":[{"embeddable":true,"href":"https:\/\/institutfrancais.me\/fr\/wp-json\/wp\/v2\/comments?post=6207"}],"version-history":[{"count":9,"href":"https:\/\/institutfrancais.me\/fr\/wp-json\/wp\/v2\/pages\/6207\/revisions"}],"predecessor-version":[{"id":7787,"href":"https:\/\/institutfrancais.me\/fr\/wp-json\/wp\/v2\/pages\/6207\/revisions\/7787"}],"wp:featuredmedia":[{"embeddable":true,"href":"https:\/\/institutfrancais.me\/fr\/wp-json\/wp\/v2\/media\/5934"}],"wp:attachment":[{"href":"https:\/\/institutfrancais.me\/fr\/wp-json\/wp\/v2\/media?parent=6207"}],"curies":[{"name":"wp","href":"https:\/\/api.w.org\/{rel}","templated":true}]}}