{"id":6203,"date":"2022-05-04T11:36:10","date_gmt":"2022-05-04T11:36:10","guid":{"rendered":"https:\/\/institutfrancais.me\/?page_id=6203"},"modified":"2023-02-22T10:09:36","modified_gmt":"2023-02-22T09:09:36","slug":"test-provjere-znanja-francuskog-jezika-tef","status":"publish","type":"page","link":"https:\/\/institutfrancais.me\/fr\/test-provjere-znanja-francuskog-jezika-tef\/","title":{"rendered":"Test d'\u00e9valuation de fran\u00e7ais (TEF)"},"content":{"rendered":"<figure class=\"wp-block-image size-full is-resized\"><img loading=\"lazy\" decoding=\"async\" src=\"https:\/\/institutfrancais.me\/wp-content\/uploads\/2022\/05\/Logo-TEF-300x230-1.png\" alt=\"\" class=\"wp-image-6604\" width=\"225\" height=\"173\"\/><\/figure>\n\n\n\n<p><strong>TEF<\/strong> permet, en tr\u00e8s peu de temps, de se faire une id\u00e9e de la connaissance g\u00e9n\u00e9rale de la langue fran\u00e7aise du candidat. Ce test est officiellement reconnu par le minist\u00e8re de l'\u00c9ducation nationale en France, par le gouvernement canadien et le monde des affaires.<\/p>\n\n\n\n<p><strong>TEFaQ<\/strong> &nbsp;est demand\u00e9 dans le cadre des proc\u00e9dures d\u2019immigration au Qu\u00e9bec.<\/p>\n\n\n\n<p>Il se compose de 4 \u00e9preuves modulaires :<\/p>\n\n\n\n<ul class=\"wp-block-list\">\n<li>Compr\u00e9hension orale : 40 min \u2013 60 questions<\/li>\n\n\n\n<li>Expression orale : 15 min \u2013 2 sujets \u00e0 traiter<\/li>\n\n\n\n<li>Compr\u00e9hension \u00e9crite : 60 min \u2013 50 questions<\/li>\n\n\n\n<li>Expression \u00e9crite : 60 min \u2013 2 sujets \u00e0 traiter<\/li>\n<\/ul>\n\n\n\n<p>Vous trouverez plus d\u2019informations sur le site : <a href=\"https:\/\/www.lefrancaisdesaffaires.fr\/en\/tests-diplomas\/test-for-evaluating-french-tef\/tef-quebec-tefaq\/\">https:\/\/www.lefrancaisdesaffaires.fr\/en\/tests-diplomas\/test-for-evaluating-french-tef\/tef-quebec-tefaq\/<\/a><\/p>\n\n\n\n<p><strong>TEF Canada<\/strong> est demand\u00e9 dans le cadre d\u2019une demande d\u2019immigration vers le Canada ou d\u2019une demande de citoyennet\u00e9.<\/p>\n\n\n\n<p>Dans le cadre d\u2019une demande d\u2019immigration vers le Canada, vous devez passer les 4 \u00e9preuves suivantes :<\/p>\n\n\n\n<ul class=\"wp-block-list\">\n<li>Compr\u00e9hension orale : 40 min \u2013 60 questions<\/li>\n\n\n\n<li>Compr\u00e9hension \u00e9crite : 60 min \u2013 50 questions<\/li>\n\n\n\n<li>Expression orale : 15 min \u2013 2 sujets \u00e0 traiter<\/li>\n\n\n\n<li>Expression \u00e9crite : 60 min \u2013 2 sujets \u00e0 traiter<\/li>\n<\/ul>\n\n\n\n<p>Dans le cadre d\u2019une demande de citoyennet\u00e9 canadienne, vous devez passer les 2 \u00e9preuves suivantes :<\/p>\n\n\n\n<ul class=\"wp-block-list\">\n<li>Compr\u00e9hension orale : 40 min \u2013 60 questions<\/li>\n\n\n\n<li>Expression orale : 15 min \u2013 2 sujets \u00e0 traiter<\/li>\n<\/ul>\n\n\n\n<p>Pour conna\u00eetre le niveau de comp\u00e9tence linguistique canadien (NCLC) correspondant \u00e0 votre score, veuillez consulter le site suivant : <a href=\"https:\/\/www.lefrancaisdesaffaires.fr\/wp-content\/uploads\/2019\/10\/Correspondance-TEF-NCLC-CECR-apr%C3%A8s-le-01.10.2019.pdf\">https:\/\/www.lefrancaisdesaffaires.fr\/wp-content\/uploads\/2019\/10\/Correspondance-TEF-NCLC-CECR-apr%C3%A8s-le-01.10.2019.pdf<\/a><\/p>\n\n\n\n<p>Vous trouverez plus d\u2019informations sur le site : <strong><a href=\"https:\/\/www.lefrancaisdesaffaires.fr\/tests-diplomes\/test-evaluation-francais-tef\/tef-canada\/\">https:\/\/www.lefrancaisdesaffaires.fr\/tests-diplomes\/test-evaluation-francais-tef\/tef-canada\/<\/a><\/strong><\/p>\n\n\n\n<p>Le certificat est valable deux ans. La demande se fait aupr\u00e8s de l\u2019Institut fran\u00e7ais du Mont\u00e9n\u00e9gro qui confirme les dates disponibles pour le passage de l\u2019examen.<\/p>","protected":false},"excerpt":{"rendered":"<p>TEF omogu\u0107ava u veoma kratkom roku, da se dobije slika op\u0161teg znanja francuskog jezika kandidata. Ovaj test je zvani\u010dno priznat [&hellip;]<\/p>\n","protected":false},"author":1,"featured_media":0,"parent":0,"menu_order":0,"comment_status":"closed","ping_status":"closed","template":"","meta":{"footnotes":""},"class_list":["post-6203","page","type-page","status-publish","hentry"],"_links":{"self":[{"href":"https:\/\/institutfrancais.me\/fr\/wp-json\/wp\/v2\/pages\/6203","targetHints":{"allow":["GET"]}}],"collection":[{"href":"https:\/\/institutfrancais.me\/fr\/wp-json\/wp\/v2\/pages"}],"about":[{"href":"https:\/\/institutfrancais.me\/fr\/wp-json\/wp\/v2\/types\/page"}],"author":[{"embeddable":true,"href":"https:\/\/institutfrancais.me\/fr\/wp-json\/wp\/v2\/users\/1"}],"replies":[{"embeddable":true,"href":"https:\/\/institutfrancais.me\/fr\/wp-json\/wp\/v2\/comments?post=6203"}],"version-history":[{"count":8,"href":"https:\/\/institutfrancais.me\/fr\/wp-json\/wp\/v2\/pages\/6203\/revisions"}],"predecessor-version":[{"id":7203,"href":"https:\/\/institutfrancais.me\/fr\/wp-json\/wp\/v2\/pages\/6203\/revisions\/7203"}],"wp:attachment":[{"href":"https:\/\/institutfrancais.me\/fr\/wp-json\/wp\/v2\/media?parent=6203"}],"curies":[{"name":"wp","href":"https:\/\/api.w.org\/{rel}","templated":true}]}}