{"id":6193,"date":"2022-05-04T11:27:56","date_gmt":"2022-05-04T11:27:56","guid":{"rendered":"https:\/\/institutfrancais.me\/?page_id=6193"},"modified":"2026-04-17T11:56:04","modified_gmt":"2026-04-17T09:56:04","slug":"diplome-delf-dalf","status":"publish","type":"page","link":"https:\/\/institutfrancais.me\/fr\/delf-dalf-diplome\/","title":{"rendered":"Dipl\u00f4mes DELF\/DALF"},"content":{"rendered":"<figure class=\"wp-block-image size-large is-resized\"><img loading=\"lazy\" decoding=\"async\" width=\"1024\" height=\"256\" src=\"https:\/\/institutfrancais.me\/wp-content\/uploads\/2022\/05\/DELF-DALF-1024x256.png\" alt=\"\" class=\"wp-image-6567\" srcset=\"https:\/\/institutfrancais.me\/wp-content\/uploads\/2022\/05\/DELF-DALF-1024x256.png 1024w, https:\/\/institutfrancais.me\/wp-content\/uploads\/2022\/05\/DELF-DALF-300x75.png 300w, https:\/\/institutfrancais.me\/wp-content\/uploads\/2022\/05\/DELF-DALF-768x192.png 768w, https:\/\/institutfrancais.me\/wp-content\/uploads\/2022\/05\/DELF-DALF-1536x384.png 1536w, https:\/\/institutfrancais.me\/wp-content\/uploads\/2022\/05\/DELF-DALF-947x237.png 947w, https:\/\/institutfrancais.me\/wp-content\/uploads\/2022\/05\/DELF-DALF-624x156.png 624w, https:\/\/institutfrancais.me\/wp-content\/uploads\/2022\/05\/DELF-DALF.png 1578w\" sizes=\"auto, (max-width: 1024px) 100vw, 1024px\" \/><\/figure>\n\n\n\n<p>Le DELF (A1, A2, B1, B2) et le DALF (C1, C2) sont des dipl\u00f4mes qui vous permettent de certifier votre connaissance de la langue fran\u00e7aise, quel que soit votre niveau, partout dans le monde. Ces dipl\u00f4mes sont d\u00e9livr\u00e9s par le Minist\u00e8re fran\u00e7ais de l\u2019Education nationale, sont conformes au Cadre Europ\u00e9en Commun de R\u00e9f\u00e9rence pour les Langues (CECRL) et sont valables \u00e0 vie.<\/p>\n\n\n\n<p>Vous validerez vos acquis par l\u2019obtention du dipl\u00f4me correspondant \u00e0 votre niveau. Ce dernier vous aidera \u00e0 faire valoir vos connaissances en fran\u00e7ais que ce soit dans le cadre scolaire, universitaire, professionnel ou m\u00eame personnel.<\/p>\n\n\n\n<p>Chaque dipl\u00f4me est libre d\u2019acc\u00e8s, le candidat peut se pr\u00e9senter au niveau de son choix m\u00eame s\u2019il ne poss\u00e8de pas le dipl\u00f4me du niveau inf\u00e9rieur. Chaque examen teste les 4 comp\u00e9tences : compr\u00e9hension orale et \u00e9crite, expression orale et \u00e9crite.<\/p>\n\n\n\n<p>Les examens sont adapt\u00e9s \u00e0 l'\u00e2ge du candidat :<\/p>\n\n\n\n<p><strong>DELF Prim (A1.1, A1, A2) - pour les enfants de 7 \u00e0 11 ans<\/strong><\/p>\n\n\n\n<p>Un dipl\u00f4me qui confirme les connaissances acquises de la langue fran\u00e7aise.<\/p>\n\n\n\n<p><strong>DELF Junior (A1, A2, B1, B2) - de 12 ans \u00e0 18 ans<\/strong><\/p>\n\n\n\n<p>Ce dipl\u00f4me cible les \u00e9l\u00e8ves jusqu\u2019\u00e0 la quatri\u00e8me classe de l\u2019\u00e9cole secondaire. Le DELF Junior utilise des th\u00e9matiques qui tiennent compte des centres d\u2019int\u00e9r\u00eat des jeunes. <\/p>\n\n\n\n<p><strong>DELF Tout public (A1, A2, B1, B2) et DALF (C1, C2) - pour adultes<\/strong><\/p>\n\n\n\n<p>Ce dipl\u00f4me cible les adultes et permet de certifier leurs comp\u00e9tences en fran\u00e7ais. Le DELF Tout public est reconnu par le monde professionnel et vous sera utile dans tout contexte francophone.<\/p>\n\n\n\n<p><mark style=\"background-color:rgba(0, 0, 0, 0)\" class=\"has-inline-color has-black-color\">Pour en savoir plus sur la nature des \u00e9preuves cliquez<\/mark><strong><mark style=\"background-color:rgba(0, 0, 0, 0)\" class=\"has-inline-color has-black-color\"> <a href=\"https:\/\/www.france-education-international.fr\/hub\/diplomes-tests\">ici<\/a><\/mark><\/strong><\/p>\n\n\n\n<p>Bon \u00e0 savoir : Les dipl\u00f4mes DELF B2 et DALF font partie des conditions d\u2019acc\u00e8s aux inscriptions universitaires en France. Ils requi\u00e8rent la ma\u00eetrise de techniques sp\u00e9cifiques (lettre formelle, essai, synth\u00e8se, expos\u00e9 oral).<\/p>\n\n\n\n<p style=\"font-size:14px\"><a href=\"https:\/\/inscrire.hanaf.net\/delfdalf\/montenegro.php\" data-type=\"link\" data-id=\"https:\/\/inscrire.hanaf.net\/delfdalf\/montenegro.php\" target=\"_blank\" rel=\"noreferrer noopener\"><strong><mark style=\"background-color:rgba(0, 0, 0, 0);color:#565656\" class=\"has-inline-color\">Formulaire d'inscription DELF<\/mark><\/strong><\/a><\/p>\n\n\n\n<p><a href=\"https:\/\/institutfrancais.me\/wp-content\/uploads\/2026\/04\/Kalendar-ispita-DELF-DALF-maj-jun-2026-fr.docx\" data-type=\"link\" data-id=\"https:\/\/institutfrancais.me\/wp-content\/uploads\/2026\/04\/Kalendar-ispita-DELF-maj-jun-2026.docx\" target=\"_blank\" rel=\"noreferrer noopener\">Calendrier des examens DELF-DALF Tout public<\/a><\/p>\n\n\n\n<figure class=\"wp-block-image size-large\"><img loading=\"lazy\" decoding=\"async\" width=\"1024\" height=\"1024\" src=\"https:\/\/institutfrancais.me\/wp-content\/uploads\/2026\/04\/DELF-I-DALF-apr-2026cover-1024x1024.jpg\" alt=\"\" class=\"wp-image-7944\" srcset=\"https:\/\/institutfrancais.me\/wp-content\/uploads\/2026\/04\/DELF-I-DALF-apr-2026cover-1024x1024.jpg 1024w, https:\/\/institutfrancais.me\/wp-content\/uploads\/2026\/04\/DELF-I-DALF-apr-2026cover-300x300.jpg 300w, https:\/\/institutfrancais.me\/wp-content\/uploads\/2026\/04\/DELF-I-DALF-apr-2026cover-150x150.jpg 150w, https:\/\/institutfrancais.me\/wp-content\/uploads\/2026\/04\/DELF-I-DALF-apr-2026cover-768x768.jpg 768w, https:\/\/institutfrancais.me\/wp-content\/uploads\/2026\/04\/DELF-I-DALF-apr-2026cover-12x12.jpg 12w, https:\/\/institutfrancais.me\/wp-content\/uploads\/2026\/04\/DELF-I-DALF-apr-2026cover-947x947.jpg 947w, https:\/\/institutfrancais.me\/wp-content\/uploads\/2026\/04\/DELF-I-DALF-apr-2026cover-624x624.jpg 624w, https:\/\/institutfrancais.me\/wp-content\/uploads\/2026\/04\/DELF-I-DALF-apr-2026cover.jpg 1080w\" sizes=\"auto, (max-width: 1024px) 100vw, 1024px\" \/><\/figure>\n\n\n\n<figure class=\"wp-block-image size-large\"><img loading=\"lazy\" decoding=\"async\" width=\"1024\" height=\"1024\" src=\"https:\/\/institutfrancais.me\/wp-content\/uploads\/2026\/04\/DELF-I-DALF-apr-2026-1024x1024.jpg\" alt=\"\" class=\"wp-image-7945\" srcset=\"https:\/\/institutfrancais.me\/wp-content\/uploads\/2026\/04\/DELF-I-DALF-apr-2026-1024x1024.jpg 1024w, https:\/\/institutfrancais.me\/wp-content\/uploads\/2026\/04\/DELF-I-DALF-apr-2026-300x300.jpg 300w, https:\/\/institutfrancais.me\/wp-content\/uploads\/2026\/04\/DELF-I-DALF-apr-2026-150x150.jpg 150w, https:\/\/institutfrancais.me\/wp-content\/uploads\/2026\/04\/DELF-I-DALF-apr-2026-768x768.jpg 768w, https:\/\/institutfrancais.me\/wp-content\/uploads\/2026\/04\/DELF-I-DALF-apr-2026-12x12.jpg 12w, https:\/\/institutfrancais.me\/wp-content\/uploads\/2026\/04\/DELF-I-DALF-apr-2026-947x947.jpg 947w, https:\/\/institutfrancais.me\/wp-content\/uploads\/2026\/04\/DELF-I-DALF-apr-2026-624x624.jpg 624w, https:\/\/institutfrancais.me\/wp-content\/uploads\/2026\/04\/DELF-I-DALF-apr-2026.jpg 1080w\" sizes=\"auto, (max-width: 1024px) 100vw, 1024px\" \/><\/figure>","protected":false},"excerpt":{"rendered":"<p>Diplome Delf (A1, A2, B1, B2) i Dalf (C1, C2) vam omogu\u0107avaju potvrdu znanja francuskog jezika svuda u svijetu, bez [&hellip;]<\/p>\n","protected":false},"author":1,"featured_media":0,"parent":0,"menu_order":0,"comment_status":"closed","ping_status":"closed","template":"","meta":{"footnotes":""},"class_list":["post-6193","page","type-page","status-publish","hentry"],"_links":{"self":[{"href":"https:\/\/institutfrancais.me\/fr\/wp-json\/wp\/v2\/pages\/6193","targetHints":{"allow":["GET"]}}],"collection":[{"href":"https:\/\/institutfrancais.me\/fr\/wp-json\/wp\/v2\/pages"}],"about":[{"href":"https:\/\/institutfrancais.me\/fr\/wp-json\/wp\/v2\/types\/page"}],"author":[{"embeddable":true,"href":"https:\/\/institutfrancais.me\/fr\/wp-json\/wp\/v2\/users\/1"}],"replies":[{"embeddable":true,"href":"https:\/\/institutfrancais.me\/fr\/wp-json\/wp\/v2\/comments?post=6193"}],"version-history":[{"count":9,"href":"https:\/\/institutfrancais.me\/fr\/wp-json\/wp\/v2\/pages\/6193\/revisions"}],"predecessor-version":[{"id":7947,"href":"https:\/\/institutfrancais.me\/fr\/wp-json\/wp\/v2\/pages\/6193\/revisions\/7947"}],"wp:attachment":[{"href":"https:\/\/institutfrancais.me\/fr\/wp-json\/wp\/v2\/media?parent=6193"}],"curies":[{"name":"wp","href":"https:\/\/api.w.org\/{rel}","templated":true}]}}