{"id":6185,"date":"2022-05-04T11:03:08","date_gmt":"2022-05-04T11:03:08","guid":{"rendered":"https:\/\/institutfrancais.me\/?page_id=6185"},"modified":"2024-10-10T12:56:12","modified_gmt":"2024-10-10T10:56:12","slug":"studije-u-francuskoj","status":"publish","type":"page","link":"https:\/\/institutfrancais.me\/fr\/studije-u-francuskoj\/","title":{"rendered":"\u00c9tudes en France"},"content":{"rendered":"<figure class=\"wp-block-image size-full is-resized\"><img loading=\"lazy\" decoding=\"async\" width=\"1000\" height=\"707\" src=\"https:\/\/institutfrancais.me\/wp-content\/uploads\/2023\/01\/studije-u-francuskoj.jpg\" alt=\"\" class=\"wp-image-6993\" style=\"width:840px;height:593px\" srcset=\"https:\/\/institutfrancais.me\/wp-content\/uploads\/2023\/01\/studije-u-francuskoj.jpg 1000w, https:\/\/institutfrancais.me\/wp-content\/uploads\/2023\/01\/studije-u-francuskoj-300x212.jpg 300w, https:\/\/institutfrancais.me\/wp-content\/uploads\/2023\/01\/studije-u-francuskoj-768x543.jpg 768w, https:\/\/institutfrancais.me\/wp-content\/uploads\/2023\/01\/studije-u-francuskoj-18x12.jpg 18w, https:\/\/institutfrancais.me\/wp-content\/uploads\/2023\/01\/studije-u-francuskoj-947x670.jpg 947w, https:\/\/institutfrancais.me\/wp-content\/uploads\/2023\/01\/studije-u-francuskoj-624x441.jpg 624w\" sizes=\"auto, (max-width: 1000px) 100vw, 1000px\" \/><\/figure>\n\n\n\n<p>Vous souhaitez \u00e9tudier en France ?<\/p>\n\n\n\n<p><strong><mark style=\"background-color:rgba(0, 0, 0, 0)\" class=\"has-inline-color has-vivid-cyan-blue-color\">Inscrivez-vous au DAP !<\/mark><\/strong><\/p>\n\n\n\n<p>La proc\u00e9dure \u00ab DAP \u00bb, pr\u00e9inscription en premi\u00e8re ann\u00e9e d&#039;\u00e9tudes, concerne 67 universit\u00e9s qui proposent de nombreuses formations dans toutes les fili\u00e8res et 20 \u00e9coles nationales d&#039;architecture.<\/p>\n\n\n\n<p><strong><mark style=\"background-color:rgba(0, 0, 0, 0)\" class=\"has-inline-color has-vivid-cyan-blue-color\">La France, 4\u00e8me pays d'accueil d'\u00e9tudiants \u00e9trangers<\/mark><\/strong><\/p>\n\n\n\n<p>La France accueille chaque ann\u00e9e pr\u00e8s de 350 000 \u00e9tudiants \u00e9trangers : c'est le quatri\u00e8me pays au monde apr\u00e8s les \u00c9tats-Unis, la Grande-Bretagne et l'Australie, et le premier pays non anglophone choisi par les \u00e9tudiants \u00e9trangers. L'exceptionnelle qualit\u00e9 des programmes d'\u00e9tudes fran\u00e7ais, fruit d'une longue tradition, s'appuie sur un r\u00e9seau national d'environ 3 500 \u00e9tablissements d'enseignement sup\u00e9rieur publics et priv\u00e9s et centres de recherche de r\u00e9putation internationale. <\/p>\n\n\n\n<p><mark style=\"background-color:rgba(0, 0, 0, 0)\" class=\"has-inline-color has-vivid-cyan-blue-color\"><strong>\u00ab Bienvenue en France \u00bb<\/strong><\/mark><\/p>\n\n\n\n<p>\u00c0 l'automne 2018, la France a engag\u00e9 une importante r\u00e9forme visant \u00e0 am\u00e9liorer les conditions d'admission des \u00e9tudiants \u00e9trangers en France. Il s'agit d'un programme appel\u00e9 \u00ab Bienvenue en France \u00bb. La France s'est fix\u00e9e l'objectif d'accueillir un demi-million d'\u00e9tudiants \u00e9trangers d'ici 2027. Pour y parvenir, d\u00e8s la rentr\u00e9e 2019, une strat\u00e9gie li\u00e9e \u00e0 la facilitation des visas a \u00e9t\u00e9 lanc\u00e9e. Le nombre de programmes d'\u00e9tudes en fran\u00e7ais et en anglais a augment\u00e9 et une nouvelle proc\u00e9dure d'admission des \u00e9tudiants \u00e9trangers en France a \u00e9t\u00e9 mise en place. <\/p>\n\n\n\n<p>Etudier en France, c'est avoir les m\u00eames conditions d'inscription et de vie que les \u00e9tudiants fran\u00e7ais : les proc\u00e9dures d'inscription sont les m\u00eames, les dipl\u00f4mes obtenus et les frais d'inscription sont les m\u00eames, quelle que soit la nationalit\u00e9 de l'\u00e9tudiant.<\/p>\n\n\n\n<p><strong><mark style=\"background-color:rgba(0, 0, 0, 0)\" class=\"has-inline-color has-vivid-cyan-blue-color\">Proc\u00e9dure DAP - pr\u00e9-inscription en 1\u00e8re ann\u00e9e de licence<\/mark><\/strong><\/p>\n\n\n\n<p>La demande de pr\u00e9-inscription par la proc\u00e9dure \u00ab DAP \u00bb est faite par les ressortissants \u00e9trangers afin de s'inscrire en premi\u00e8re ann\u00e9e d'\u00e9tudes dans un \u00e9tablissement d'enseignement sup\u00e9rieur en France et elle est obligatoire pour tous les \u00e9tudiants \u00e9trangers, les bacheliers ou tous les candidats qui ont ou auront un dipl\u00f4me \u00e9quivalent \u00e0 un dipl\u00f4me d'\u00e9tudes secondaires, qui permet d'acc\u00e9der \u00e0 l'enseignement sup\u00e9rieur dans leur pays d'origine.<\/p>\n\n\n\n<p>Si vous \u00eates dipl\u00f4m\u00e9 du secondaire et avez une r\u00e9sidence au Mont\u00e9n\u00e9gro, vous devez remplir une demande d'inscription en premi\u00e8re ann\u00e9e d'\u00e9tudes dans les universit\u00e9s publiques appel\u00e9e \u00ab dossier blanc \u00bb.<\/p>\n\n\n\n<p>Vous pouvez choisir :<\/p>\n\n\n\n<ul class=\"wp-block-list\">\n<li>un programme dans trois universit\u00e9s ;<\/li>\n\n\n\n<li>trois programmes d'\u00e9tudes diff\u00e9rents dans la m\u00eame universit\u00e9 ;<\/li>\n\n\n\n<li>trois programmes d'\u00e9tudes diff\u00e9rents dans trois universit\u00e9s diff\u00e9rentes.<\/li>\n<\/ul>\n\n\n\n<p>Pour les \u00e9tudes en cycles d'architecture (premi\u00e8re ann\u00e9e de Licence, Master 1 ou Master 2), vous devez remplir la demande d'inscription appel\u00e9e \u00ab dossier jaune \u00bb.<\/p>\n\n\n\n<p>Vous pouvez choisir deux \u00e9coles.<\/p>\n\n\n\n<p>Procedura DAP otvorena je od oktobra do polovine decembra. Kandidati moraju da posjeduju najmanje nivo B2 (DELF B2 ili TCF B2) u trentku dostavljanja dokumentacije.<\/p>\n\n\n\n<p>Vous pouvez obtenir les d\u00e9tails concernant la proc\u00e9dure DAP en contactant l\u2019Institut fran\u00e7ais du Mont\u00e9n\u00e9gro. <\/p>\n\n\n\n<p><mark style=\"background-color:rgba(0, 0, 0, 0)\" class=\"has-inline-color has-vivid-cyan-blue-color\"><strong>Liens utiles :<\/strong><\/mark><\/p>\n\n\n\n<p>AUF (Agence Universitaire de la Francophonie) \u2013 <a href=\"https:\/\/www.auf.org\/\" target=\"_blank\" rel=\"noreferrer noopener\">https:\/\/www.auf.org\/<\/a><\/p>\n\n\n\n<p>Campus France <a href=\"https:\/\/www.auf.org\/ https:\/\/www.campusfrance.org\/fr\">https:\/\/www.campusfrance.org\/fr<\/a><\/p>\n\n\n\n<p>Bureau Erasmus Plus au Mont\u00e9n\u00e9gro - <a href=\"http:\/\/www.erasmusplus.ac.me\/\">http:\/\/www.erasmusplus.ac.me\/<\/a><\/p>\n\n\n\n<p>Club des anciens \u00e9tudiants - <a href=\"https:\/\/www.omsa.me\/alumni-klub\/\">https:\/\/www.omsa.me\/alumni-klub\/<\/a><\/p>\n\n\n\n<p>Aide Financi\u00e8re au Logement (CAF) \u2013 <a href=\"https:\/\/www.caf.fr\/\">https:\/\/www.caf.fr\/<\/a><\/p>\n\n\n\n<p>Portail \u00e9tudiant ONISEP <a href=\"https:\/\/www.onisep.fr\/\">https:\/\/www.onisep.fr\/<\/a><\/p>\n\n\n\n<figure class=\"wp-block-embed is-type-video is-provider-youtube wp-block-embed-youtube wp-embed-aspect-16-9 wp-has-aspect-ratio\"><div class=\"wp-block-embed__wrapper\">\n<iframe loading=\"lazy\" title=\"Bienvenue en France !\" width=\"887\" height=\"499\" src=\"https:\/\/www.youtube.com\/embed\/V_5xPBqzfwA?feature=oembed\" frameborder=\"0\" allow=\"accelerometer; autoplay; clipboard-write; encrypted-media; gyroscope; picture-in-picture; web-share\" allowfullscreen><\/iframe>\n<\/div><\/figure>","protected":false},"excerpt":{"rendered":"<p>\u017delite da studirate u Francuskoj? Prijavite se na DAP! Procedurom \u201eDAP\u201c, predupisom na prvu godinu studija, obuhva\u0107eno je 67 univerziteta [&hellip;]<\/p>\n","protected":false},"author":1,"featured_media":6167,"parent":0,"menu_order":0,"comment_status":"closed","ping_status":"closed","template":"","meta":{"footnotes":""},"class_list":["post-6185","page","type-page","status-publish","has-post-thumbnail","hentry"],"_links":{"self":[{"href":"https:\/\/institutfrancais.me\/fr\/wp-json\/wp\/v2\/pages\/6185","targetHints":{"allow":["GET"]}}],"collection":[{"href":"https:\/\/institutfrancais.me\/fr\/wp-json\/wp\/v2\/pages"}],"about":[{"href":"https:\/\/institutfrancais.me\/fr\/wp-json\/wp\/v2\/types\/page"}],"author":[{"embeddable":true,"href":"https:\/\/institutfrancais.me\/fr\/wp-json\/wp\/v2\/users\/1"}],"replies":[{"embeddable":true,"href":"https:\/\/institutfrancais.me\/fr\/wp-json\/wp\/v2\/comments?post=6185"}],"version-history":[{"count":10,"href":"https:\/\/institutfrancais.me\/fr\/wp-json\/wp\/v2\/pages\/6185\/revisions"}],"predecessor-version":[{"id":7609,"href":"https:\/\/institutfrancais.me\/fr\/wp-json\/wp\/v2\/pages\/6185\/revisions\/7609"}],"wp:featuredmedia":[{"embeddable":true,"href":"https:\/\/institutfrancais.me\/fr\/wp-json\/wp\/v2\/media\/6167"}],"wp:attachment":[{"href":"https:\/\/institutfrancais.me\/fr\/wp-json\/wp\/v2\/media?parent=6185"}],"curies":[{"name":"wp","href":"https:\/\/api.w.org\/{rel}","templated":true}]}}