{"id":6159,"date":"2022-05-04T10:12:02","date_gmt":"2022-05-04T10:12:02","guid":{"rendered":"https:\/\/institutfrancais.me\/?page_id=6159"},"modified":"2025-05-08T14:12:27","modified_gmt":"2025-05-08T12:12:27","slug":"qui-sommes-nous","status":"publish","type":"page","link":"https:\/\/institutfrancais.me\/fr\/o-institutu\/","title":{"rendered":"Qui sommes-nous ?"},"content":{"rendered":"<figure class=\"wp-block-image size-full\"><img loading=\"lazy\" decoding=\"async\" width=\"1024\" height=\"681\" src=\"https:\/\/institutfrancais.me\/wp-content\/uploads\/2022\/05\/francuski-institut.jpg\" alt=\"Institut fran\u00e7ais\" class=\"wp-image-6177\"\/><\/figure>\n\n\n\n<p class=\"has-vivid-cyan-blue-color has-text-color\"><strong>Qui sommes-nous ?<\/strong><\/p>\n\n\n\n<p>Au c\u0153ur de Podgorica, l'Institut fran\u00e7ais du Mont\u00e9n\u00e9gro est une fen\u00eatre ouverte sur la culture et la langue fran\u00e7aises. A l'\u00e9coute de vos attentes, il fait partie d'un r\u00e9seau de 130 \u00e9tablissements qui relient les principales capitales du monde \u00e0 la France.<\/p>\n\n\n\n<p>Nos cours vous donnent acc\u00e8s \u00e0 la langue fran\u00e7aise et au patrimoine litt\u00e9raire et culturel de la francophonie. Pour nombre de nos anciens \u00e9l\u00e8ves, le fran\u00e7ais, c'est facile, ou en tout cas bien moins difficile que vous ne le pensez ! Quel que soit votre niveau, notre m\u00e9diath\u00e8que met \u00e0 votre disposition des textes accessibles, mais \u00e9galement des classiques de la litt\u00e9rature fran\u00e7aise. Une s\u00e9lection de revues et de films vous donne un aper\u00e7u des d\u00e9bats de soci\u00e9t\u00e9 et de la cr\u00e9ation contemporaine.<\/p>\n\n\n\n<p><strong><mark style=\"background-color:rgba(0, 0, 0, 0);color:#565656\" class=\"has-inline-color\">L&#039;\u00e9quipe de l&#039;Institut fran\u00e7ais :<\/mark><\/strong><\/p>\n\n\n\n<p>Laurence LEVAUDEL-CLAUSS, direktorica <br> <a href=\"mailto:laurence.levaudel-clauss@diplomatie.gouv.fr\" target=\"_blank\" rel=\"noreferrer noopener\">laurence.levaudel-clauss@diplomatie.gouv.fr<\/a><br><\/p>\n\n\n\n<p>Ivana VUK\u010cEVI\u0106, pomo\u0107nica direktorice<br><a href=\"mailto:vasilka.rajkovic@institutfrancais.me\" data-type=\"mailto\" data-id=\"mailto:vasilka.rajkovic@institutfrancais.me\">ivana.vukcevic@institutfrancais.me<\/a><br><\/p>\n\n\n\n<p>Jelena DAKOVI\u0106, odgovorna za kurseve, ispite i odnose sa javno\u0161\u0107u<br><a href=\"mailto:jelena.dakovic@institutfrancais.me\" data-type=\"mailto\" data-id=\"mailto:jelena.dakovic@institutfrancais.me\">jelena.dakovic@institutfrancais.me<\/a><br>+382 69 345 305<strong> <\/strong><\/p>\n\n\n\n<p><\/p>","protected":false},"excerpt":{"rendered":"<p>O Institutu Smje\u0161ten u srcu Podgorice, Francuski institut je prozor u francusku kulturu i jezik. On predstavlja dio mre\u017ee od [&hellip;]<\/p>\n","protected":false},"author":1,"featured_media":0,"parent":0,"menu_order":0,"comment_status":"closed","ping_status":"closed","template":"","meta":{"footnotes":""},"class_list":["post-6159","page","type-page","status-publish","hentry"],"_links":{"self":[{"href":"https:\/\/institutfrancais.me\/fr\/wp-json\/wp\/v2\/pages\/6159","targetHints":{"allow":["GET"]}}],"collection":[{"href":"https:\/\/institutfrancais.me\/fr\/wp-json\/wp\/v2\/pages"}],"about":[{"href":"https:\/\/institutfrancais.me\/fr\/wp-json\/wp\/v2\/types\/page"}],"author":[{"embeddable":true,"href":"https:\/\/institutfrancais.me\/fr\/wp-json\/wp\/v2\/users\/1"}],"replies":[{"embeddable":true,"href":"https:\/\/institutfrancais.me\/fr\/wp-json\/wp\/v2\/comments?post=6159"}],"version-history":[{"count":10,"href":"https:\/\/institutfrancais.me\/fr\/wp-json\/wp\/v2\/pages\/6159\/revisions"}],"predecessor-version":[{"id":7726,"href":"https:\/\/institutfrancais.me\/fr\/wp-json\/wp\/v2\/pages\/6159\/revisions\/7726"}],"wp:attachment":[{"href":"https:\/\/institutfrancais.me\/fr\/wp-json\/wp\/v2\/media?parent=6159"}],"curies":[{"name":"wp","href":"https:\/\/api.w.org\/{rel}","templated":true}]}}